{"id":4015,"date":"2022-01-20T20:25:51","date_gmt":"2022-01-20T20:25:51","guid":{"rendered":"https:\/\/gng.dk\/?page_id=4015"},"modified":"2022-12-22T11:39:27","modified_gmt":"2022-12-22T11:39:27","slug":"titelseite","status":"publish","type":"page","link":"https:\/\/gng.dk\/de\/","title":{"rendered":"Titelseite"},"content":{"rendered":"<div class=\"wpb-content-wrapper\"><p>[vc_row unlock_row_content=&#8220;yes&#8220; row_height_percent=&#8220;90&#8243; override_padding=&#8220;yes&#8220; h_padding=&#8220;2&#8243; top_padding=&#8220;5&#8243; bottom_padding=&#8220;3&#8243; back_image=&#8220;3071&#8243; parallax=&#8220;yes&#8220; overlay_alpha=&#8220;75&#8243; equal_height=&#8220;yes&#8220; gutter_size=&#8220;3&#8243; column_width_percent=&#8220;100&#8243; shift_y=&#8220;0&#8243; z_index=&#8220;0&#8243; top_divider=&#8220;gradient&#8220; bottom_divider=&#8220;gradient&#8220; mobile_visibility=&#8220;yes&#8220; uncode_shortcode_id=&#8220;169574&#8243; overlay_color_type=&#8220;uncode-gradient&#8220; overlay_color_gradient=&#8220;{&#8222;css&#8222;:&#8222;background: linear-gradient(to top , rgb(19, 19, 19) , rgba(19, 19, 19, 0) 100%);&#8222;,&#8222;sliders&#8222;:`{`{&#8222;color&#8222;:&#8222;rgb(19, 19, 19)&#8222;,&#8222;position&#8222;:0},{&#8222;color&#8222;:&#8222;rgba(19, 19, 19, 0)&#8222;,&#8222;position&#8222;:100}`}`,&#8222;type&#8222;:&#8222;linear&#8222;,&#8222;direction&#8222;:&#8222;bottom&#8222;}&#8220;][vc_column column_width_percent=&#8220;100&#8243; position_horizontal=&#8220;left&#8220; position_vertical=&#8220;bottom&#8220; gutter_size=&#8220;3&#8243; style=&#8220;light&#8220; overlay_alpha=&#8220;30&#8243; shift_x=&#8220;0&#8243; shift_y=&#8220;0&#8243; shift_y_down=&#8220;0&#8243; z_index=&#8220;0&#8243; medium_width=&#8220;0&#8243; mobile_width=&#8220;0&#8243; width=&#8220;1\/1&#8243; uncode_shortcode_id=&#8220;605653&#8243;][vc_row_inner row_inner_height_percent=&#8220;0&#8243; overlay_alpha=&#8220;50&#8243; gutter_size=&#8220;3&#8243; shift_y=&#8220;0&#8243; z_index=&#8220;0&#8243; uncode_shortcode_id=&#8220;139370&#8243;][vc_column_inner width=&#8220;1\/2&#8243;][\/vc_column_inner][vc_column_inner column_width_percent=&#8220;100&#8243; position_horizontal=&#8220;right&#8220; position_vertical=&#8220;bottom&#8220; gutter_size=&#8220;3&#8243; style=&#8220;light&#8220; back_color=&#8220;color-166731&#8243; overlay_alpha=&#8220;50&#8243; shift_x=&#8220;0&#8243; shift_y=&#8220;0&#8243; shift_y_down=&#8220;0&#8243; z_index=&#8220;0&#8243; medium_width=&#8220;0&#8243; mobile_width=&#8220;0&#8243; css_animation=&#8220;bottom-t-top&#8220; animation_speed=&#8220;300&#8243; shadow=&#8220;sm&#8220; width=&#8220;1\/2&#8243; uncode_shortcode_id=&#8220;151926&#8243; back_color_type=&#8220;uncode-palette&#8220;][vc_custom_heading text_color=&#8220;color-205931&#8243; heading_semantic=&#8220;h1&#8243; text_height=&#8220;fontheight-108311&#8243; css_animation=&#8220;bottom-t-top&#8220; animation_speed=&#8220;400&#8243; animation_delay=&#8220;100&#8243; uncode_shortcode_id=&#8220;167791&#8243; text_color_type=&#8220;uncode-palette&#8220;]Wir machen es Ihnen leichter, eine gesunde Wahl zu treffen[\/vc_custom_heading][vc_column_text css_animation=&#8220;bottom-t-top&#8220; animation_delay=&#8220;200&#8243; uncode_shortcode_id=&#8220;150825&#8243;]<\/p>\n<p style=\"font-weight: 400;\">Danish Organic Growers befinden sich im Besitz d\u00e4nischer Obst- und Gem\u00fcseerzeuger. Wir beliefern den Einzelhandel und die Gastronomie mit frischen Produkten, die direkt von den einzelnen Erzeugern geliefert werden.<\/p>\n<p>[\/vc_column_text][vc_button button_color=&#8220;color-205931&#8243; border_width=&#8220;0&#8243; css_animation=&#8220;bottom-t-top&#8220; animation_delay=&#8220;300&#8243; link=&#8220;url:https%3A%2F%2Fgng.dk%2Fde%2Ferzeuger%2F|title:Growers&#8220; uncode_shortcode_id=&#8220;171680&#8243; button_color_type=&#8220;uncode-palette&#8220;]Weitere Informationen \u00fcber unsere Erzeuger[\/vc_button][\/vc_column_inner][\/vc_row_inner][\/vc_column][\/vc_row][vc_row unlock_row_content=&#8220;yes&#8220; row_height_percent=&#8220;100&#8243; override_padding=&#8220;yes&#8220; h_padding=&#8220;2&#8243; top_padding=&#8220;5&#8243; bottom_padding=&#8220;2&#8243; back_image=&#8220;64&#8243; parallax=&#8220;yes&#8220; overlay_alpha=&#8220;0&#8243; equal_height=&#8220;yes&#8220; gutter_size=&#8220;3&#8243; column_width_percent=&#8220;100&#8243; shift_y=&#8220;0&#8243; z_index=&#8220;0&#8243; top_divider=&#8220;gradient&#8220; bottom_divider=&#8220;gradient&#8220; desktop_visibility=&#8220;yes&#8220; medium_visibility=&#8220;yes&#8220; uncode_shortcode_id=&#8220;964313&#8243; row_height_pixel=&#8220;450&#8243;][vc_column column_width_percent=&#8220;100&#8243; position_horizontal=&#8220;left&#8220; position_vertical=&#8220;bottom&#8220; gutter_size=&#8220;3&#8243; style=&#8220;light&#8220; overlay_alpha=&#8220;30&#8243; shift_x=&#8220;0&#8243; shift_y=&#8220;0&#8243; shift_y_down=&#8220;0&#8243; z_index=&#8220;0&#8243; medium_width=&#8220;0&#8243; mobile_width=&#8220;0&#8243; width=&#8220;1\/1&#8243; uncode_shortcode_id=&#8220;605653&#8243;][vc_row_inner row_inner_height_percent=&#8220;0&#8243; force_width_grid=&#8220;yes&#8220; overlay_alpha=&#8220;50&#8243; gutter_size=&#8220;3&#8243; shift_y=&#8220;0&#8243; z_index=&#8220;0&#8243; uncode_shortcode_id=&#8220;637213&#8243; back_color_type=&#8220;uncode-solid&#8220; back_color_solid=&#8220;rgba(209,223,224,0.9)&#8220;][vc_column_inner column_width_percent=&#8220;100&#8243; gutter_size=&#8220;3&#8243; override_padding=&#8220;yes&#8220; column_padding=&#8220;2&#8243; overlay_alpha=&#8220;50&#8243; shift_x=&#8220;0&#8243; shift_y=&#8220;0&#8243; shift_y_down=&#8220;0&#8243; z_index=&#8220;0&#8243; medium_width=&#8220;0&#8243; mobile_width=&#8220;0&#8243; width=&#8220;1\/1&#8243; uncode_shortcode_id=&#8220;164174&#8243; el_class=&#8220;mobilefront&#8220;][vc_custom_heading text_color=&#8220;color-205931&#8243; heading_semantic=&#8220;h1&#8243; text_height=&#8220;fontheight-108311&#8243; css_animation=&#8220;bottom-t-top&#8220; animation_speed=&#8220;400&#8243; animation_delay=&#8220;100&#8243; uncode_shortcode_id=&#8220;158020&#8243; text_color_type=&#8220;uncode-palette&#8220;]<\/p>\n<div>\n<p><span lang=\"DE\">Wir machen es Ihnen leichter, eine gesunde Wahl zu treffen<\/span><\/p>\n<\/div>\n<p>[\/vc_custom_heading][vc_column_text css_animation=&#8220;bottom-t-top&#8220; animation_delay=&#8220;200&#8243; uncode_shortcode_id=&#8220;176823&#8243; el_class=&#8220;mobileherofront&#8220;]<\/p>\n<p style=\"font-weight: 400;\">Danish Organic Growers befinden sich im Besitz d\u00e4nischer Obst- und Gem\u00fcseerzeuger. Wir beliefern den Einzelhandel und die Gastronomie mit frischen Produkten, die direkt von den einzelnen Erzeugern geliefert werden.<\/p>\n<p>[\/vc_column_text][vc_button button_color=&#8220;color-205931&#8243; wide=&#8220;yes&#8220; border_width=&#8220;0&#8243; scale_mobile=&#8220;no&#8220; css_animation=&#8220;bottom-t-top&#8220; animation_delay=&#8220;300&#8243; link=&#8220;url:https%3A%2F%2Fgng.dk%2Fandelshavere%2F|title:Andelshavere&#8220; uncode_shortcode_id=&#8220;158258&#8243; button_color_type=&#8220;uncode-palette&#8220; el_class=&#8220;.mobilebuttonfront&#8220;]Weitere Informationen \u00fcber unsere Erzeuger[\/vc_button][\/vc_column_inner][\/vc_row_inner][\/vc_column][\/vc_row][vc_row unlock_row_content=&#8220;yes&#8220; row_height_percent=&#8220;0&#8243; override_padding=&#8220;yes&#8220; h_padding=&#8220;0&#8243; top_padding=&#8220;0&#8243; bottom_padding=&#8220;0&#8243; overlay_alpha=&#8220;50&#8243; equal_height=&#8220;yes&#8220; gutter_size=&#8220;0&#8243; column_width_percent=&#8220;100&#8243; shift_y=&#8220;0&#8243; z_index=&#8220;0&#8243; uncode_shortcode_id=&#8220;979043&#8243;][vc_column column_width_use_pixel=&#8220;yes&#8220; gutter_size=&#8220;3&#8243; override_padding=&#8220;yes&#8220; column_padding=&#8220;4&#8243; back_color=&#8220;color-166731&#8243; overlay_alpha=&#8220;50&#8243; shift_x=&#8220;0&#8243; shift_y=&#8220;0&#8243; shift_y_down=&#8220;0&#8243; z_index=&#8220;0&#8243; medium_width=&#8220;0&#8243; mobile_width=&#8220;0&#8243; width=&#8220;1\/2&#8243; column_width_pixel=&#8220;600&#8243; uncode_shortcode_id=&#8220;798067&#8243; back_color_type=&#8220;uncode-palette&#8220;][vc_row_inner][vc_column_inner column_width_percent=&#8220;100&#8243; gutter_size=&#8220;3&#8243; overlay_alpha=&#8220;50&#8243; shift_x=&#8220;0&#8243; shift_y=&#8220;0&#8243; shift_y_down=&#8220;0&#8243; z_index=&#8220;0&#8243; medium_width=&#8220;0&#8243; mobile_width=&#8220;0&#8243; css_animation=&#8220;bottom-t-top&#8220; width=&#8220;1\/1&#8243; uncode_shortcode_id=&#8220;193044&#8243;][vc_custom_heading text_color=&#8220;color-130002&#8243; heading_semantic=&#8220;h6&#8243; text_size=&#8220;h6&#8243; text_weight=&#8220;400&#8243; text_transform=&#8220;uppercase&#8220; uncode_shortcode_id=&#8220;499601&#8243; text_color_type=&#8220;uncode-palette&#8220;]Danish Organic Growers[\/vc_custom_heading][vc_custom_heading text_color=&#8220;color-205931&#8243; text_height=&#8220;fontheight-108311&#8243; uncode_shortcode_id=&#8220;180379&#8243; text_color_type=&#8220;uncode-palette&#8220;]<\/p>\n<div>\n<p><span lang=\"DE\">Engagierte Bio-Erzeuger aus D\u00e4nemark<\/span><\/p>\n<\/div>\n<p>[\/vc_custom_heading][vc_column_text text_lead=&#8220;yes&#8220; uncode_shortcode_id=&#8220;601206&#8243;]<\/p>\n<p style=\"font-weight: 400;\">Unsere Bio-Erzeuger engagieren sich mit Leidenschaft f\u00fcr ihre Produkte und den Schutz der Umwelt, in der sie angebaut werden. Der biologische Anbau ohne Einsatz von chemischen D\u00fcngemitteln und Pestiziden stellt die beste M\u00f6glichkeit dar, den Boden zu sch\u00fctzen, von dem sie leben.<\/p>\n<p>[\/vc_column_text][vc_button button_color=&#8220;color-205931&#8243; border_width=&#8220;0&#8243; uncode_shortcode_id=&#8220;148683&#8243; button_color_type=&#8220;uncode-palette&#8220; link=&#8220;url:https%3A%2F%2Fgng.dk%2Fde%2Fnachhaltigkeit%2F|title:Sustainability&#8220;]Erfahren Sie mehr \u00fcber unsere Nachhaltigkeitsinitiativen[\/vc_button][vc_empty_space empty_h=&#8220;1&#8243;][\/vc_column_inner][\/vc_row_inner][\/vc_column][vc_column column_width_percent=&#8220;100&#8243; gutter_size=&#8220;3&#8243; back_image=&#8220;3933&#8243; overlay_alpha=&#8220;50&#8243; shift_x=&#8220;0&#8243; shift_y=&#8220;0&#8243; shift_y_down=&#8220;0&#8243; z_index=&#8220;0&#8243; medium_width=&#8220;0&#8243; mobile_width=&#8220;0&#8243; width=&#8220;1\/2&#8243; mobile_height=&#8220;340&#8243; uncode_shortcode_id=&#8220;189900&#8243;][\/vc_column][\/vc_row][vc_row row_height_percent=&#8220;0&#8243; override_padding=&#8220;yes&#8220; h_padding=&#8220;2&#8243; top_padding=&#8220;4&#8243; bottom_padding=&#8220;4&#8243; overlay_alpha=&#8220;50&#8243; gutter_size=&#8220;3&#8243; column_width_percent=&#8220;100&#8243; shift_y=&#8220;0&#8243; z_index=&#8220;0&#8243; uncode_shortcode_id=&#8220;180320&#8243;][vc_column column_width_percent=&#8220;100&#8243; gutter_size=&#8220;3&#8243; overlay_alpha=&#8220;50&#8243; shift_x=&#8220;0&#8243; shift_y=&#8220;0&#8243; shift_y_down=&#8220;0&#8243; z_index=&#8220;0&#8243; medium_width=&#8220;0&#8243; mobile_width=&#8220;0&#8243; width=&#8220;1\/1&#8243; uncode_shortcode_id=&#8220;107691&#8243;][vc_custom_heading text_color=&#8220;color-205931&#8243; css_animation=&#8220;bottom-t-top&#8220; uncode_shortcode_id=&#8220;398624&#8243; text_color_type=&#8220;uncode-palette&#8220;]<\/p>\n<div>\n<p><span lang=\"DE\">Ausgew\u00e4hlte Produkte unserer Erzeuger<\/span><\/p>\n<\/div>\n<p>[\/vc_custom_heading][uncode_index el_id=&#8220;index-331138487&#8243; loop=&#8220;size:4|order_by:rand|post_type:produkter|tax_query:231|taxonomy_count:10&#8243; screen_lg=&#8220;1000&#8243; screen_md=&#8220;600&#8243; screen_sm=&#8220;480&#8243; gutter_size=&#8220;2&#8243; post_items=&#8220;media|featured|onpost|poster,date,title,text|excerpt|90,category|bordered|topright|hide-icon&#8220; portfolio_items=&#8220;media|featured|onpost|original,title&#8220; produkter_items=&#8220;title,media|featured|onpost|original&#8220; single_text=&#8220;overlay&#8220; single_width=&#8220;6&#8243; single_overlay_color=&#8220;color-nhtu&#8220; single_overlay_opacity=&#8220;50&#8243; single_overlay_visible=&#8220;yes&#8220; single_text_visible=&#8220;yes&#8220; single_image_anim=&#8220;no&#8220; single_h_align=&#8220;center&#8220; single_padding=&#8220;2&#8243; single_title_family=&#8220;font-527998&#8243; single_title_dimension=&#8220;h3&#8243; single_meta_custom_typo=&#8220;yes&#8220; single_meta_size=&#8220;default&#8220; single_meta_transform=&#8220;uppercase&#8220; single_border=&#8220;yes&#8220; single_css_animation=&#8220;bottom-t-top&#8220; uncode_shortcode_id=&#8220;204574&#8243;][vc_column_text uncode_shortcode_id=&#8220;400407&#8243;]<\/p>\n<p style=\"font-weight: 400;\"><a href=\"https:\/\/gng.dk\/de\/produkte\/\">Entdecken Sie unser gesamtes Produktsortiment<\/a><\/p>\n<p>[\/vc_column_text][\/vc_column][\/vc_row][vc_row][vc_column width=&#8220;1\/1&#8243;][uncode_block id=&#8220;947&#8243;][\/vc_column][\/vc_row]<\/p>\n<\/div>","protected":false},"excerpt":{"rendered":"<p>[vc_row unlock_row_content=&#8220;yes&#8220; row_height_percent=&#8220;90&#8243; override_padding=&#8220;yes&#8220; h_padding=&#8220;2&#8243; top_padding=&#8220;5&#8243; bottom_padding=&#8220;3&#8243; back_image=&#8220;3071&#8243; parallax=&#8220;yes&#8220; overlay_alpha=&#8220;75&#8243; equal_height=&#8220;yes&#8220; gutter_size=&#8220;3&#8243; column_width_percent=&#8220;100&#8243; shift_y=&#8220;0&#8243; z_index=&#8220;0&#8243; top_divider=&#8220;gradient&#8220; bottom_divider=&#8220;gradient&#8220; mobile_visibility=&#8220;yes&#8220; uncode_shortcode_id=&#8220;169574&#8243; overlay_color_type=&#8220;uncode-gradient&#8220; [&hellip;]<\/p>\n","protected":false},"author":6,"featured_media":674,"parent":0,"menu_order":0,"comment_status":"closed","ping_status":"closed","template":"","meta":{"_acf_changed":false,"footnotes":""},"class_list":["post-4015","page","type-page","status-publish","has-post-thumbnail","hentry"],"acf":[],"yoast_head":"<!-- This site is optimized with the Yoast SEO plugin v26.7 - https:\/\/yoast.com\/wordpress\/plugins\/seo\/ -->\n<title>Titelseite - Gasa Nord Gr\u00f8nt<\/title>\n<meta name=\"robots\" content=\"index, follow, max-snippet:-1, max-image-preview:large, max-video-preview:-1\" \/>\n<link rel=\"canonical\" href=\"https:\/\/gng.dk\/de\/\" \/>\n<meta property=\"og:locale\" content=\"de_DE\" \/>\n<meta property=\"og:type\" content=\"article\" \/>\n<meta property=\"og:title\" content=\"Titelseite - Gasa Nord Gr\u00f8nt\" \/>\n<meta property=\"og:description\" content=\"[vc_row unlock_row_content=&#8220;yes&#8220; row_height_percent=&#8220;90&#8243; override_padding=&#8220;yes&#8220; h_padding=&#8220;2&#8243; top_padding=&#8220;5&#8243; bottom_padding=&#8220;3&#8243; back_image=&#8220;3071&#8243; parallax=&#8220;yes&#8220; overlay_alpha=&#8220;75&#8243; equal_height=&#8220;yes&#8220; gutter_size=&#8220;3&#8243; column_width_percent=&#8220;100&#8243; shift_y=&#8220;0&#8243; z_index=&#8220;0&#8243; top_divider=&#8220;gradient&#8220; bottom_divider=&#8220;gradient&#8220; mobile_visibility=&#8220;yes&#8220; uncode_shortcode_id=&#8220;169574&#8243; overlay_color_type=&#8220;uncode-gradient&#8220; [&hellip;]\" \/>\n<meta property=\"og:url\" content=\"https:\/\/gng.dk\/de\/\" \/>\n<meta property=\"og:site_name\" content=\"Gasa Nord Gr\u00f8nt\" \/>\n<meta property=\"article:modified_time\" content=\"2022-12-22T11:39:27+00:00\" \/>\n<meta property=\"og:image\" content=\"https:\/\/gng.dk\/wp-content\/uploads\/2022\/01\/gng_hero_03.jpg\" \/>\n\t<meta property=\"og:image:width\" content=\"2000\" \/>\n\t<meta property=\"og:image:height\" content=\"1125\" \/>\n\t<meta property=\"og:image:type\" content=\"image\/jpeg\" \/>\n<meta name=\"twitter:card\" content=\"summary_large_image\" \/>\n<meta name=\"twitter:label1\" content=\"Gesch\u00e4tzte Lesezeit\" \/>\n\t<meta name=\"twitter:data1\" content=\"3\u00a0Minuten\" \/>\n<script type=\"application\/ld+json\" class=\"yoast-schema-graph\">{\"@context\":\"https:\/\/schema.org\",\"@graph\":[{\"@type\":\"WebPage\",\"@id\":\"https:\/\/gng.dk\/de\/\",\"url\":\"https:\/\/gng.dk\/de\/\",\"name\":\"Titelseite - Gasa Nord Gr\u00f8nt\",\"isPartOf\":{\"@id\":\"https:\/\/gng.dk\/de\/#website\"},\"primaryImageOfPage\":{\"@id\":\"https:\/\/gng.dk\/de\/#primaryimage\"},\"image\":{\"@id\":\"https:\/\/gng.dk\/de\/#primaryimage\"},\"thumbnailUrl\":\"https:\/\/gng.dk\/wp-content\/uploads\/2022\/01\/gng_hero_03.jpg\",\"datePublished\":\"2022-01-20T20:25:51+00:00\",\"dateModified\":\"2022-12-22T11:39:27+00:00\",\"breadcrumb\":{\"@id\":\"https:\/\/gng.dk\/de\/#breadcrumb\"},\"inLanguage\":\"de\",\"potentialAction\":[{\"@type\":\"ReadAction\",\"target\":[\"https:\/\/gng.dk\/de\/\"]}]},{\"@type\":\"ImageObject\",\"inLanguage\":\"de\",\"@id\":\"https:\/\/gng.dk\/de\/#primaryimage\",\"url\":\"https:\/\/gng.dk\/wp-content\/uploads\/2022\/01\/gng_hero_03.jpg\",\"contentUrl\":\"https:\/\/gng.dk\/wp-content\/uploads\/2022\/01\/gng_hero_03.jpg\",\"width\":2000,\"height\":1125},{\"@type\":\"BreadcrumbList\",\"@id\":\"https:\/\/gng.dk\/de\/#breadcrumb\",\"itemListElement\":[{\"@type\":\"ListItem\",\"position\":1,\"name\":\"Hjem\",\"item\":\"https:\/\/gng.dk\/de\/\"},{\"@type\":\"ListItem\",\"position\":2,\"name\":\"Titelseite\"}]},{\"@type\":\"WebSite\",\"@id\":\"https:\/\/gng.dk\/de\/#website\",\"url\":\"https:\/\/gng.dk\/de\/\",\"name\":\"Gasa Nord Gr\u00f8nt\",\"description\":\"Produktion med respekt for naturen\",\"publisher\":{\"@id\":\"https:\/\/gng.dk\/de\/#organization\"},\"potentialAction\":[{\"@type\":\"SearchAction\",\"target\":{\"@type\":\"EntryPoint\",\"urlTemplate\":\"https:\/\/gng.dk\/de\/?s={search_term_string}\"},\"query-input\":{\"@type\":\"PropertyValueSpecification\",\"valueRequired\":true,\"valueName\":\"search_term_string\"}}],\"inLanguage\":\"de\"},{\"@type\":\"Organization\",\"@id\":\"https:\/\/gng.dk\/de\/#organization\",\"name\":\"Gasa Nord Gr\u00f8nt\",\"url\":\"https:\/\/gng.dk\/de\/\",\"logo\":{\"@type\":\"ImageObject\",\"inLanguage\":\"de\",\"@id\":\"https:\/\/gng.dk\/de\/#\/schema\/logo\/image\/\",\"url\":\"https:\/\/gng.klean.it\/wp-content\/uploads\/2022\/01\/gng_logo.svg\",\"contentUrl\":\"https:\/\/gng.klean.it\/wp-content\/uploads\/2022\/01\/gng_logo.svg\",\"width\":\"1\",\"height\":\"1\",\"caption\":\"Gasa Nord Gr\u00f8nt\"},\"image\":{\"@id\":\"https:\/\/gng.dk\/de\/#\/schema\/logo\/image\/\"}}]}<\/script>\n<!-- \/ Yoast SEO plugin. -->","yoast_head_json":{"title":"Titelseite - Gasa Nord Gr\u00f8nt","robots":{"index":"index","follow":"follow","max-snippet":"max-snippet:-1","max-image-preview":"max-image-preview:large","max-video-preview":"max-video-preview:-1"},"canonical":"https:\/\/gng.dk\/de\/","og_locale":"de_DE","og_type":"article","og_title":"Titelseite - Gasa Nord Gr\u00f8nt","og_description":"[vc_row unlock_row_content=&#8220;yes&#8220; row_height_percent=&#8220;90&#8243; override_padding=&#8220;yes&#8220; h_padding=&#8220;2&#8243; top_padding=&#8220;5&#8243; bottom_padding=&#8220;3&#8243; back_image=&#8220;3071&#8243; parallax=&#8220;yes&#8220; overlay_alpha=&#8220;75&#8243; equal_height=&#8220;yes&#8220; gutter_size=&#8220;3&#8243; column_width_percent=&#8220;100&#8243; shift_y=&#8220;0&#8243; z_index=&#8220;0&#8243; top_divider=&#8220;gradient&#8220; bottom_divider=&#8220;gradient&#8220; mobile_visibility=&#8220;yes&#8220; uncode_shortcode_id=&#8220;169574&#8243; overlay_color_type=&#8220;uncode-gradient&#8220; [&hellip;]","og_url":"https:\/\/gng.dk\/de\/","og_site_name":"Gasa Nord Gr\u00f8nt","article_modified_time":"2022-12-22T11:39:27+00:00","og_image":[{"width":2000,"height":1125,"url":"https:\/\/gng.dk\/wp-content\/uploads\/2022\/01\/gng_hero_03.jpg","type":"image\/jpeg"}],"twitter_card":"summary_large_image","twitter_misc":{"Gesch\u00e4tzte Lesezeit":"3\u00a0Minuten"},"schema":{"@context":"https:\/\/schema.org","@graph":[{"@type":"WebPage","@id":"https:\/\/gng.dk\/de\/","url":"https:\/\/gng.dk\/de\/","name":"Titelseite - Gasa Nord Gr\u00f8nt","isPartOf":{"@id":"https:\/\/gng.dk\/de\/#website"},"primaryImageOfPage":{"@id":"https:\/\/gng.dk\/de\/#primaryimage"},"image":{"@id":"https:\/\/gng.dk\/de\/#primaryimage"},"thumbnailUrl":"https:\/\/gng.dk\/wp-content\/uploads\/2022\/01\/gng_hero_03.jpg","datePublished":"2022-01-20T20:25:51+00:00","dateModified":"2022-12-22T11:39:27+00:00","breadcrumb":{"@id":"https:\/\/gng.dk\/de\/#breadcrumb"},"inLanguage":"de","potentialAction":[{"@type":"ReadAction","target":["https:\/\/gng.dk\/de\/"]}]},{"@type":"ImageObject","inLanguage":"de","@id":"https:\/\/gng.dk\/de\/#primaryimage","url":"https:\/\/gng.dk\/wp-content\/uploads\/2022\/01\/gng_hero_03.jpg","contentUrl":"https:\/\/gng.dk\/wp-content\/uploads\/2022\/01\/gng_hero_03.jpg","width":2000,"height":1125},{"@type":"BreadcrumbList","@id":"https:\/\/gng.dk\/de\/#breadcrumb","itemListElement":[{"@type":"ListItem","position":1,"name":"Hjem","item":"https:\/\/gng.dk\/de\/"},{"@type":"ListItem","position":2,"name":"Titelseite"}]},{"@type":"WebSite","@id":"https:\/\/gng.dk\/de\/#website","url":"https:\/\/gng.dk\/de\/","name":"Gasa Nord Gr\u00f8nt","description":"Produktion med respekt for naturen","publisher":{"@id":"https:\/\/gng.dk\/de\/#organization"},"potentialAction":[{"@type":"SearchAction","target":{"@type":"EntryPoint","urlTemplate":"https:\/\/gng.dk\/de\/?s={search_term_string}"},"query-input":{"@type":"PropertyValueSpecification","valueRequired":true,"valueName":"search_term_string"}}],"inLanguage":"de"},{"@type":"Organization","@id":"https:\/\/gng.dk\/de\/#organization","name":"Gasa Nord Gr\u00f8nt","url":"https:\/\/gng.dk\/de\/","logo":{"@type":"ImageObject","inLanguage":"de","@id":"https:\/\/gng.dk\/de\/#\/schema\/logo\/image\/","url":"https:\/\/gng.klean.it\/wp-content\/uploads\/2022\/01\/gng_logo.svg","contentUrl":"https:\/\/gng.klean.it\/wp-content\/uploads\/2022\/01\/gng_logo.svg","width":"1","height":"1","caption":"Gasa Nord Gr\u00f8nt"},"image":{"@id":"https:\/\/gng.dk\/de\/#\/schema\/logo\/image\/"}}]}},"_links":{"self":[{"href":"https:\/\/gng.dk\/de\/wp-json\/wp\/v2\/pages\/4015","targetHints":{"allow":["GET"]}}],"collection":[{"href":"https:\/\/gng.dk\/de\/wp-json\/wp\/v2\/pages"}],"about":[{"href":"https:\/\/gng.dk\/de\/wp-json\/wp\/v2\/types\/page"}],"author":[{"embeddable":true,"href":"https:\/\/gng.dk\/de\/wp-json\/wp\/v2\/users\/6"}],"replies":[{"embeddable":true,"href":"https:\/\/gng.dk\/de\/wp-json\/wp\/v2\/comments?post=4015"}],"version-history":[{"count":5,"href":"https:\/\/gng.dk\/de\/wp-json\/wp\/v2\/pages\/4015\/revisions"}],"predecessor-version":[{"id":4194,"href":"https:\/\/gng.dk\/de\/wp-json\/wp\/v2\/pages\/4015\/revisions\/4194"}],"wp:featuredmedia":[{"embeddable":true,"href":"https:\/\/gng.dk\/de\/wp-json\/wp\/v2\/media\/674"}],"wp:attachment":[{"href":"https:\/\/gng.dk\/de\/wp-json\/wp\/v2\/media?parent=4015"}],"curies":[{"name":"wp","href":"https:\/\/api.w.org\/{rel}","templated":true}]}}