{"id":4020,"date":"2022-02-14T14:08:59","date_gmt":"2022-02-14T14:08:59","guid":{"rendered":"https:\/\/gng.dk\/?page_id=4020"},"modified":"2026-02-17T11:11:01","modified_gmt":"2026-02-17T11:11:01","slug":"danish-quality","status":"publish","type":"page","link":"https:\/\/gng.dk\/de\/danish-quality\/","title":{"rendered":"D\u00e4nisches Qualit\u00e4t"},"content":{"rendered":"<div class=\"wpb-content-wrapper\"><p>[vc_row row_height_percent=&#8220;0&#8243; override_padding=&#8220;yes&#8220; h_padding=&#8220;2&#8243; top_padding=&#8220;3&#8243; bottom_padding=&#8220;2&#8243; back_color=&#8220;color-166731&#8243; overlay_alpha=&#8220;50&#8243; gutter_size=&#8220;3&#8243; column_width_percent=&#8220;100&#8243; shift_y=&#8220;0&#8243; z_index=&#8220;0&#8243; uncode_shortcode_id=&#8220;566389&#8243; back_color_type=&#8220;uncode-palette&#8220;][vc_column width=&#8220;1\/1&#8243;][vc_custom_heading text_color=&#8220;color-205931&#8243; heading_semantic=&#8220;h1&#8243; text_size=&#8220;h1&#8243; css_animation=&#8220;bottom-t-top&#8220; uncode_shortcode_id=&#8220;780724&#8243; text_color_type=&#8220;uncode-palette&#8220;]<\/p>\n<div>\n<p><span lang=\"DE\">Qualit\u00e4t und Lebensmittelsicherheit<\/span><\/p>\n<\/div>\n<p>[\/vc_custom_heading][\/vc_column][\/vc_row][vc_row row_height_percent=&#8220;0&#8243; override_padding=&#8220;yes&#8220; h_padding=&#8220;2&#8243; top_padding=&#8220;2&#8243; bottom_padding=&#8220;4&#8243; back_color=&#8220;color-166731&#8243; overlay_alpha=&#8220;50&#8243; gutter_size=&#8220;3&#8243; column_width_percent=&#8220;100&#8243; shift_y=&#8220;0&#8243; z_index=&#8220;0&#8243; uncode_shortcode_id=&#8220;907477&#8243; back_color_type=&#8220;uncode-palette&#8220;][vc_column column_width_use_pixel=&#8220;yes&#8220; gutter_size=&#8220;3&#8243; overlay_alpha=&#8220;50&#8243; shift_x=&#8220;0&#8243; shift_y=&#8220;0&#8243; shift_y_down=&#8220;0&#8243; z_index=&#8220;0&#8243; medium_width=&#8220;0&#8243; mobile_width=&#8220;0&#8243; width=&#8220;2\/3&#8243; uncode_shortcode_id=&#8220;152427&#8243; column_width_pixel=&#8220;900&#8243;][vc_column_text text_lead=&#8220;yes&#8220; css_animation=&#8220;bottom-t-top&#8220; animation_delay=&#8220;100&#8243; uncode_shortcode_id=&#8220;803625&#8243;]<\/p>\n<p style=\"font-weight: 400;\">D\u00e4nisches Obst und Gem\u00fcse ist f\u00fcr seine hohe Qualit\u00e4t und Lebensmittelsicherheit bekannt. Mit Hilfe unseres Qualit\u00e4tsmanagementsystems setzen wir uns daf\u00fcr ein, die h\u00f6chsten internationalen Standards in der Lebensmittelproduktion einzuhalten und zu gew\u00e4hrleisten, dass s\u00e4mtliche unserer Produkte den erforderlichen Dokumentationsanforderungen entsprechen.<\/p>\n<p>[\/vc_column_text][\/vc_column][vc_column column_width_percent=&#8220;100&#8243; gutter_size=&#8220;3&#8243; overlay_alpha=&#8220;50&#8243; shift_x=&#8220;0&#8243; shift_y=&#8220;0&#8243; shift_y_down=&#8220;0&#8243; z_index=&#8220;0&#8243; medium_width=&#8220;0&#8243; mobile_width=&#8220;0&#8243; width=&#8220;1\/3&#8243; uncode_shortcode_id=&#8220;863407&#8243;][\/vc_column][\/vc_row][vc_row row_height_percent=&#8220;0&#8243; override_padding=&#8220;yes&#8220; h_padding=&#8220;2&#8243; top_padding=&#8220;4&#8243; bottom_padding=&#8220;4&#8243; overlay_alpha=&#8220;50&#8243; gutter_size=&#8220;3&#8243; column_width_percent=&#8220;100&#8243; shift_y=&#8220;0&#8243; z_index=&#8220;0&#8243; uncode_shortcode_id=&#8220;214398&#8243;][vc_column column_width_percent=&#8220;90&#8243; position_horizontal=&#8220;left&#8220; gutter_size=&#8220;3&#8243; overlay_alpha=&#8220;50&#8243; shift_x=&#8220;0&#8243; shift_y=&#8220;0&#8243; shift_y_down=&#8220;0&#8243; z_index=&#8220;0&#8243; medium_width=&#8220;0&#8243; mobile_width=&#8220;0&#8243; css_animation=&#8220;bottom-t-top&#8220; animation_delay=&#8220;300&#8243; width=&#8220;2\/3&#8243; uncode_shortcode_id=&#8220;131279&#8243;][vc_custom_heading uncode_shortcode_id=&#8220;589703&#8243;]<\/p>\n<div>\n<p><span lang=\"EN-US\">Global G.A.P., und GRASP<\/span><\/p>\n<\/div>\n<p>[\/vc_custom_heading][vc_column_text uncode_shortcode_id=&#8220;194649&#8243;]<\/p>\n<p style=\"font-weight: 400;\">All unsere Danish Organic Growers sind gem\u00e4\u00df den Standards von GlobalG.A.P. und GRASP zertifiziert. Das bedeutet, dass wir die internationalen Standards f\u00fcr Lebensmittelsicherheit, R\u00fcckverfolgbarkeit und nachhaltige Produktion garantieren und zugleich sichere und sozialvertr\u00e4gliche Arbeitsbedingungen f\u00fcr unsere Mitarbeiter gew\u00e4hrleisten.<\/p>\n<p>[\/vc_column_text][\/vc_column][vc_column column_width_percent=&#8220;100&#8243; gutter_size=&#8220;3&#8243; back_color=&#8220;color-166731&#8243; overlay_alpha=&#8220;50&#8243; shadow=&#8220;xs&#8220; shift_x=&#8220;0&#8243; shift_y=&#8220;0&#8243; shift_y_down=&#8220;0&#8243; z_index=&#8220;0&#8243; medium_width=&#8220;0&#8243; mobile_width=&#8220;0&#8243; css_animation=&#8220;bottom-t-top&#8220; animation_delay=&#8220;400&#8243; width=&#8220;1\/3&#8243; uncode_shortcode_id=&#8220;354848&#8243; back_color_type=&#8220;uncode-palette&#8220;][vc_row_inner limit_content=&#8220;&#8220;][vc_column_inner column_width_percent=&#8220;100&#8243; position_vertical=&#8220;middle&#8220; align_horizontal=&#8220;align_center&#8220; gutter_size=&#8220;3&#8243; overlay_alpha=&#8220;50&#8243; shift_x=&#8220;0&#8243; shift_y=&#8220;0&#8243; shift_y_down=&#8220;0&#8243; z_index=&#8220;0&#8243; medium_width=&#8220;0&#8243; mobile_width=&#8220;0&#8243; width=&#8220;1\/2&#8243; uncode_shortcode_id=&#8220;187811&#8243;][vc_single_image media=&#8220;5041&#8243; caption=&#8220;yes&#8220; media_width_percent=&#8220;80&#8243; alignment=&#8220;center&#8220; uncode_shortcode_id=&#8220;122617&#8243;][\/vc_column_inner][vc_column_inner column_width_percent=&#8220;100&#8243; position_vertical=&#8220;middle&#8220; align_horizontal=&#8220;align_center&#8220; gutter_size=&#8220;3&#8243; overlay_alpha=&#8220;50&#8243; shift_x=&#8220;0&#8243; shift_y=&#8220;0&#8243; shift_y_down=&#8220;0&#8243; z_index=&#8220;0&#8243; medium_width=&#8220;0&#8243; mobile_width=&#8220;0&#8243; width=&#8220;1\/2&#8243; uncode_shortcode_id=&#8220;229292&#8243;][vc_single_image media=&#8220;5036&#8243; caption=&#8220;yes&#8220; media_width_percent=&#8220;80&#8243; alignment=&#8220;center&#8220; uncode_shortcode_id=&#8220;231526&#8243;][\/vc_column_inner][\/vc_row_inner][vc_column_text text_lead=&#8220;small&#8220; uncode_shortcode_id=&#8220;137015&#8243;]<\/p>\n<p style=\"font-weight: 400;\">GlobalG.A.P. ist der internationale Standard f\u00fcr \u201eGood Agricultural Practices\u201c (G.A.P.).\u00a0 GRASP ist eine Erg\u00e4nzung zu GlobalG.A.P., die belegt, dass der Erzeuger gesunde, sichere und auf soziale Verantwortung beruhende Arbeitsbedingungen f\u00fcr seine Mitarbeiter gew\u00e4hrleistet.<\/p>\n<p>[\/vc_column_text][\/vc_column][\/vc_row][vc_row unlock_row_content=&#8220;yes&#8220; row_height_percent=&#8220;0&#8243; override_padding=&#8220;yes&#8220; h_padding=&#8220;0&#8243; top_padding=&#8220;0&#8243; bottom_padding=&#8220;0&#8243; back_color=&#8220;color-lxmt&#8220; overlay_alpha=&#8220;50&#8243; equal_height=&#8220;yes&#8220; gutter_size=&#8220;0&#8243; column_width_percent=&#8220;100&#8243; shift_y=&#8220;0&#8243; z_index=&#8220;0&#8243; uncode_shortcode_id=&#8220;248052&#8243; back_color_type=&#8220;uncode-palette&#8220;][vc_column column_width_use_pixel=&#8220;yes&#8220; gutter_size=&#8220;3&#8243; override_padding=&#8220;yes&#8220; column_padding=&#8220;4&#8243; overlay_alpha=&#8220;50&#8243; shift_x=&#8220;0&#8243; shift_y=&#8220;0&#8243; shift_y_down=&#8220;0&#8243; z_index=&#8220;0&#8243; medium_width=&#8220;0&#8243; mobile_width=&#8220;0&#8243; width=&#8220;1\/2&#8243; column_width_pixel=&#8220;600&#8243; uncode_shortcode_id=&#8220;327991&#8243;][vc_row_inner limit_content=&#8220;&#8220;][vc_column_inner column_width_percent=&#8220;100&#8243; gutter_size=&#8220;3&#8243; overlay_alpha=&#8220;50&#8243; shift_x=&#8220;0&#8243; shift_y=&#8220;0&#8243; shift_y_down=&#8220;0&#8243; z_index=&#8220;0&#8243; medium_width=&#8220;0&#8243; mobile_width=&#8220;0&#8243; css_animation=&#8220;bottom-t-top&#8220; width=&#8220;1\/1&#8243; uncode_shortcode_id=&#8220;193044&#8243;][vc_empty_space empty_h=&#8220;1&#8243;][vc_custom_heading text_color=&#8220;color-205931&#8243; text_height=&#8220;fontheight-108311&#8243; uncode_shortcode_id=&#8220;230927&#8243; text_color_type=&#8220;uncode-palette&#8220;]<\/p>\n<div>\n<p><span lang=\"DE\">Biologische Erzeugung<\/span><\/p>\n<\/div>\n<p>[\/vc_custom_heading][vc_column_text uncode_shortcode_id=&#8220;242985&#8243;]<\/p>\n<p style=\"font-weight: 400;\">D\u00e4nemark ist als eines der f\u00fchrenden L\u00e4nder im Bereich der biologischen Lebensmittelproduktion bekannt. D\u00e4nemark war 1987 das erste Land der Welt, das eine staatliche Kontrolle f\u00fcr Bioprodukte einf\u00fchrte, und gegenw\u00e4rtig genie\u00dfen die d\u00e4nischen Bioprodukte ein hohes Ansehen. Zahlreiche unserer Bio-Erzeuger waren unter den Pionieren in D\u00e4nemark, die den biologischen Gem\u00fcseanbau einf\u00fchrten, und wir sind stolz darauf, dass unsere Erzeuger die strengen Vorschriften und Anforderungen erf\u00fcllen, die f\u00fcr die Verwendung des offiziellen d\u00e4nischen Bio-Siegels und des EU-Bio-Siegels erforderlich sind.<\/p>\n<p>[\/vc_column_text][vc_empty_space empty_h=&#8220;1&#8243;][\/vc_column_inner][\/vc_row_inner][vc_row_inner limit_content=&#8220;&#8220;][vc_column_inner column_width_percent=&#8220;100&#8243; position_vertical=&#8220;middle&#8220; gutter_size=&#8220;3&#8243; overlay_alpha=&#8220;50&#8243; shift_x=&#8220;0&#8243; shift_y=&#8220;0&#8243; shift_y_down=&#8220;0&#8243; z_index=&#8220;0&#8243; medium_width=&#8220;0&#8243; mobile_width=&#8220;0&#8243; css_animation=&#8220;bottom-t-top&#8220; width=&#8220;1\/2&#8243; uncode_shortcode_id=&#8220;104487&#8243;][vc_single_image media=&#8220;698&#8243; media_width_percent=&#8220;100&#8243; uncode_shortcode_id=&#8220;460754&#8243;][\/vc_column_inner][vc_column_inner column_width_percent=&#8220;100&#8243; position_vertical=&#8220;middle&#8220; gutter_size=&#8220;3&#8243; overlay_alpha=&#8220;50&#8243; shift_x=&#8220;0&#8243; shift_y=&#8220;0&#8243; shift_y_down=&#8220;0&#8243; z_index=&#8220;0&#8243; medium_width=&#8220;0&#8243; mobile_width=&#8220;0&#8243; width=&#8220;1\/2&#8243; uncode_shortcode_id=&#8220;136151&#8243;][vc_single_image media=&#8220;3718&#8243; media_width_percent=&#8220;100&#8243; uncode_shortcode_id=&#8220;812233&#8243;][\/vc_column_inner][\/vc_row_inner][\/vc_column][vc_column column_width_percent=&#8220;100&#8243; gutter_size=&#8220;3&#8243; back_image=&#8220;1563&#8243; overlay_alpha=&#8220;50&#8243; shift_x=&#8220;0&#8243; shift_y=&#8220;0&#8243; shift_y_down=&#8220;0&#8243; z_index=&#8220;0&#8243; medium_width=&#8220;0&#8243; mobile_width=&#8220;0&#8243; width=&#8220;1\/2&#8243; mobile_height=&#8220;340&#8243; uncode_shortcode_id=&#8220;212363&#8243;][\/vc_column][\/vc_row][vc_row row_height_percent=&#8220;0&#8243; override_padding=&#8220;yes&#8220; h_padding=&#8220;2&#8243; top_padding=&#8220;4&#8243; bottom_padding=&#8220;4&#8243; overlay_alpha=&#8220;50&#8243; gutter_size=&#8220;3&#8243; column_width_percent=&#8220;100&#8243; shift_y=&#8220;0&#8243; z_index=&#8220;0&#8243; uncode_shortcode_id=&#8220;681972&#8243;][vc_column column_width_percent=&#8220;100&#8243; gutter_size=&#8220;3&#8243; overlay_alpha=&#8220;50&#8243; shift_x=&#8220;0&#8243; shift_y=&#8220;0&#8243; shift_y_down=&#8220;0&#8243; z_index=&#8220;0&#8243; medium_width=&#8220;0&#8243; mobile_width=&#8220;0&#8243; width=&#8220;1\/1&#8243; uncode_shortcode_id=&#8220;993741&#8243;][vc_row_inner limit_content=&#8220;&#8220;][vc_column_inner width=&#8220;1\/6&#8243;][\/vc_column_inner][vc_column_inner column_width_percent=&#8220;100&#8243; align_horizontal=&#8220;align_center&#8220; gutter_size=&#8220;3&#8243; overlay_alpha=&#8220;50&#8243; shift_x=&#8220;0&#8243; shift_y=&#8220;0&#8243; shift_y_down=&#8220;0&#8243; z_index=&#8220;0&#8243; medium_width=&#8220;0&#8243; mobile_width=&#8220;0&#8243; css_animation=&#8220;bottom-t-top&#8220; animation_speed=&#8220;300&#8243; width=&#8220;2\/3&#8243; uncode_shortcode_id=&#8220;136542&#8243;][vc_custom_heading uncode_shortcode_id=&#8220;445846&#8243;]<\/p>\n<div>\n<p><span lang=\"DE\">Vom Erzeuger direkt zum Kunden<\/span><\/p>\n<\/div>\n<p>[\/vc_custom_heading][vc_column_text uncode_shortcode_id=&#8220;202052&#8243;]<\/p>\n<p style=\"font-weight: 400;\">Frische ist die Voraussetzung f\u00fcr hohe Qualit\u00e4t bei Obst und Gem\u00fcse. Unsere Erzeuger ernten die Produkte zum optimalen Zeitpunkt. Unmittelbar danach werden sie in den eigenen Abpackanlagen des Erzeugers verpackt und gek\u00fchlt. Die Produkte werden in K\u00fchllastwagen zum Kunden transportiert, wodurch eine frische Lieferung gew\u00e4hrleistet ist.<\/p>\n<p>[\/vc_column_text][\/vc_column_inner][vc_column_inner width=&#8220;1\/6&#8243;][\/vc_column_inner][\/vc_row_inner][vc_empty_space empty_h=&#8220;2&#8243;][vc_row_inner limit_content=&#8220;&#8220;][vc_column_inner column_width_percent=&#8220;80&#8243; align_horizontal=&#8220;align_center&#8220; gutter_size=&#8220;3&#8243; overlay_alpha=&#8220;50&#8243; shift_x=&#8220;0&#8243; shift_y=&#8220;0&#8243; shift_y_down=&#8220;0&#8243; z_index=&#8220;0&#8243; medium_width=&#8220;0&#8243; mobile_width=&#8220;0&#8243; css_animation=&#8220;bottom-t-top&#8220; animation_speed=&#8220;400&#8243; animation_delay=&#8220;100&#8243; width=&#8220;1\/3&#8243; uncode_shortcode_id=&#8220;370287&#8243;][vc_single_image media=&#8220;2921&#8243; media_width_percent=&#8220;65&#8243; alignment=&#8220;center&#8220; uncode_shortcode_id=&#8220;148149&#8243;][vc_column_text text_lead=&#8220;small&#8220; text_color=&#8220;color-205931&#8243; uncode_shortcode_id=&#8220;160873&#8243; text_color_type=&#8220;uncode-palette&#8220;]<\/p>\n<h6>Danish Organic Growers<\/h6>\n<div><span lang=\"DE\">Erntefrisches Obst und Gem\u00fcse<\/span><\/div>\n<p>[\/vc_column_text][\/vc_column_inner][vc_column_inner column_width_percent=&#8220;80&#8243; align_horizontal=&#8220;align_center&#8220; gutter_size=&#8220;3&#8243; overlay_alpha=&#8220;50&#8243; shift_x=&#8220;0&#8243; shift_y=&#8220;0&#8243; shift_y_down=&#8220;0&#8243; z_index=&#8220;0&#8243; medium_width=&#8220;0&#8243; mobile_width=&#8220;0&#8243; css_animation=&#8220;bottom-t-top&#8220; animation_speed=&#8220;400&#8243; animation_delay=&#8220;200&#8243; width=&#8220;1\/3&#8243; uncode_shortcode_id=&#8220;179152&#8243;][vc_single_image media=&#8220;2927&#8243; media_width_percent=&#8220;65&#8243; alignment=&#8220;center&#8220; uncode_shortcode_id=&#8220;948532&#8243;][vc_column_text text_lead=&#8220;small&#8220; text_color=&#8220;color-205931&#8243; uncode_shortcode_id=&#8220;516620&#8243; text_color_type=&#8220;uncode-palette&#8220;]<\/p>\n<h6>Transport<\/h6>\n<div><span lang=\"DE\">Direkter Transport zum Kunden in K\u00fchllastwagen<\/span><\/div>\n<p>[\/vc_column_text][\/vc_column_inner][vc_column_inner column_width_percent=&#8220;80&#8243; align_horizontal=&#8220;align_center&#8220; gutter_size=&#8220;3&#8243; overlay_alpha=&#8220;50&#8243; shift_x=&#8220;0&#8243; shift_y=&#8220;0&#8243; shift_y_down=&#8220;0&#8243; z_index=&#8220;0&#8243; medium_width=&#8220;0&#8243; mobile_width=&#8220;0&#8243; css_animation=&#8220;bottom-t-top&#8220; animation_speed=&#8220;400&#8243; animation_delay=&#8220;300&#8243; width=&#8220;1\/3&#8243; uncode_shortcode_id=&#8220;371012&#8243;][vc_single_image media=&#8220;2924&#8243; media_width_percent=&#8220;65&#8243; alignment=&#8220;center&#8220; uncode_shortcode_id=&#8220;110052&#8243;][vc_column_text text_lead=&#8220;small&#8220; text_color=&#8220;color-205931&#8243; uncode_shortcode_id=&#8220;971044&#8243; text_color_type=&#8220;uncode-palette&#8220;]<\/p>\n<h6>Frische Lieferung<\/h6>\n<div><span lang=\"DE\">Frische Lieferung ins Gesch\u00e4ft oder Lager<\/span><\/div>\n<p>[\/vc_column_text][\/vc_column_inner][\/vc_row_inner][\/vc_column][\/vc_row][vc_row][vc_column width=&#8220;1\/1&#8243;][uncode_block id=&#8220;947&#8243;][\/vc_column][\/vc_row]<\/p>\n<\/div>","protected":false},"excerpt":{"rendered":"<p>[vc_row row_height_percent=&#8220;0&#8243; override_padding=&#8220;yes&#8220; h_padding=&#8220;2&#8243; top_padding=&#8220;3&#8243; bottom_padding=&#8220;2&#8243; back_color=&#8220;color-166731&#8243; overlay_alpha=&#8220;50&#8243; gutter_size=&#8220;3&#8243; column_width_percent=&#8220;100&#8243; shift_y=&#8220;0&#8243; z_index=&#8220;0&#8243; uncode_shortcode_id=&#8220;566389&#8243; back_color_type=&#8220;uncode-palette&#8220;][vc_column width=&#8220;1\/1&#8243;][vc_custom_heading text_color=&#8220;color-205931&#8243; heading_semantic=&#8220;h1&#8243; text_size=&#8220;h1&#8243; css_animation=&#8220;bottom-t-top&#8220; uncode_shortcode_id=&#8220;780724&#8243; [&hellip;]<\/p>\n","protected":false},"author":6,"featured_media":0,"parent":0,"menu_order":0,"comment_status":"closed","ping_status":"closed","template":"","meta":{"_acf_changed":false,"footnotes":""},"class_list":["post-4020","page","type-page","status-publish","hentry"],"acf":[],"yoast_head":"<!-- This site is optimized with the Yoast SEO plugin v26.7 - https:\/\/yoast.com\/wordpress\/plugins\/seo\/ -->\n<title>D\u00e4nisches Qualit\u00e4t - Gasa Nord Gr\u00f8nt<\/title>\n<meta name=\"robots\" content=\"index, follow, max-snippet:-1, max-image-preview:large, max-video-preview:-1\" \/>\n<link rel=\"canonical\" href=\"https:\/\/gng.dk\/de\/danish-quality\/\" \/>\n<meta property=\"og:locale\" content=\"de_DE\" \/>\n<meta property=\"og:type\" content=\"article\" \/>\n<meta property=\"og:title\" content=\"D\u00e4nisches Qualit\u00e4t - Gasa Nord Gr\u00f8nt\" \/>\n<meta property=\"og:description\" content=\"[vc_row row_height_percent=&#8220;0&#8243; override_padding=&#8220;yes&#8220; h_padding=&#8220;2&#8243; top_padding=&#8220;3&#8243; bottom_padding=&#8220;2&#8243; back_color=&#8220;color-166731&#8243; overlay_alpha=&#8220;50&#8243; gutter_size=&#8220;3&#8243; column_width_percent=&#8220;100&#8243; shift_y=&#8220;0&#8243; z_index=&#8220;0&#8243; uncode_shortcode_id=&#8220;566389&#8243; back_color_type=&#8220;uncode-palette&#8220;][vc_column width=&#8220;1\/1&#8243;][vc_custom_heading text_color=&#8220;color-205931&#8243; heading_semantic=&#8220;h1&#8243; text_size=&#8220;h1&#8243; css_animation=&#8220;bottom-t-top&#8220; uncode_shortcode_id=&#8220;780724&#8243; [&hellip;]\" \/>\n<meta property=\"og:url\" content=\"https:\/\/gng.dk\/de\/danish-quality\/\" \/>\n<meta property=\"og:site_name\" content=\"Gasa Nord Gr\u00f8nt\" \/>\n<meta property=\"article:modified_time\" content=\"2026-02-17T11:11:01+00:00\" \/>\n<meta name=\"twitter:card\" content=\"summary_large_image\" \/>\n<meta name=\"twitter:label1\" content=\"Gesch\u00e4tzte Lesezeit\" \/>\n\t<meta name=\"twitter:data1\" content=\"4\u00a0Minuten\" \/>\n<script type=\"application\/ld+json\" class=\"yoast-schema-graph\">{\"@context\":\"https:\/\/schema.org\",\"@graph\":[{\"@type\":\"WebPage\",\"@id\":\"https:\/\/gng.dk\/de\/danish-quality\/\",\"url\":\"https:\/\/gng.dk\/de\/danish-quality\/\",\"name\":\"D\u00e4nisches Qualit\u00e4t - Gasa Nord Gr\u00f8nt\",\"isPartOf\":{\"@id\":\"https:\/\/gng.dk\/de\/#website\"},\"datePublished\":\"2022-02-14T14:08:59+00:00\",\"dateModified\":\"2026-02-17T11:11:01+00:00\",\"breadcrumb\":{\"@id\":\"https:\/\/gng.dk\/de\/danish-quality\/#breadcrumb\"},\"inLanguage\":\"de\",\"potentialAction\":[{\"@type\":\"ReadAction\",\"target\":[\"https:\/\/gng.dk\/de\/danish-quality\/\"]}]},{\"@type\":\"BreadcrumbList\",\"@id\":\"https:\/\/gng.dk\/de\/danish-quality\/#breadcrumb\",\"itemListElement\":[{\"@type\":\"ListItem\",\"position\":1,\"name\":\"Hjem\",\"item\":\"https:\/\/gng.dk\/de\/\"},{\"@type\":\"ListItem\",\"position\":2,\"name\":\"D\u00e4nisches Qualit\u00e4t\"}]},{\"@type\":\"WebSite\",\"@id\":\"https:\/\/gng.dk\/de\/#website\",\"url\":\"https:\/\/gng.dk\/de\/\",\"name\":\"Gasa Nord Gr\u00f8nt\",\"description\":\"Produktion med respekt for naturen\",\"publisher\":{\"@id\":\"https:\/\/gng.dk\/de\/#organization\"},\"potentialAction\":[{\"@type\":\"SearchAction\",\"target\":{\"@type\":\"EntryPoint\",\"urlTemplate\":\"https:\/\/gng.dk\/de\/?s={search_term_string}\"},\"query-input\":{\"@type\":\"PropertyValueSpecification\",\"valueRequired\":true,\"valueName\":\"search_term_string\"}}],\"inLanguage\":\"de\"},{\"@type\":\"Organization\",\"@id\":\"https:\/\/gng.dk\/de\/#organization\",\"name\":\"Gasa Nord Gr\u00f8nt\",\"url\":\"https:\/\/gng.dk\/de\/\",\"logo\":{\"@type\":\"ImageObject\",\"inLanguage\":\"de\",\"@id\":\"https:\/\/gng.dk\/de\/#\/schema\/logo\/image\/\",\"url\":\"https:\/\/gng.klean.it\/wp-content\/uploads\/2022\/01\/gng_logo.svg\",\"contentUrl\":\"https:\/\/gng.klean.it\/wp-content\/uploads\/2022\/01\/gng_logo.svg\",\"width\":\"1\",\"height\":\"1\",\"caption\":\"Gasa Nord Gr\u00f8nt\"},\"image\":{\"@id\":\"https:\/\/gng.dk\/de\/#\/schema\/logo\/image\/\"}}]}<\/script>\n<!-- \/ Yoast SEO plugin. -->","yoast_head_json":{"title":"D\u00e4nisches Qualit\u00e4t - Gasa Nord Gr\u00f8nt","robots":{"index":"index","follow":"follow","max-snippet":"max-snippet:-1","max-image-preview":"max-image-preview:large","max-video-preview":"max-video-preview:-1"},"canonical":"https:\/\/gng.dk\/de\/danish-quality\/","og_locale":"de_DE","og_type":"article","og_title":"D\u00e4nisches Qualit\u00e4t - Gasa Nord Gr\u00f8nt","og_description":"[vc_row row_height_percent=&#8220;0&#8243; override_padding=&#8220;yes&#8220; h_padding=&#8220;2&#8243; top_padding=&#8220;3&#8243; bottom_padding=&#8220;2&#8243; back_color=&#8220;color-166731&#8243; overlay_alpha=&#8220;50&#8243; gutter_size=&#8220;3&#8243; column_width_percent=&#8220;100&#8243; shift_y=&#8220;0&#8243; z_index=&#8220;0&#8243; uncode_shortcode_id=&#8220;566389&#8243; back_color_type=&#8220;uncode-palette&#8220;][vc_column width=&#8220;1\/1&#8243;][vc_custom_heading text_color=&#8220;color-205931&#8243; heading_semantic=&#8220;h1&#8243; text_size=&#8220;h1&#8243; css_animation=&#8220;bottom-t-top&#8220; uncode_shortcode_id=&#8220;780724&#8243; [&hellip;]","og_url":"https:\/\/gng.dk\/de\/danish-quality\/","og_site_name":"Gasa Nord Gr\u00f8nt","article_modified_time":"2026-02-17T11:11:01+00:00","twitter_card":"summary_large_image","twitter_misc":{"Gesch\u00e4tzte Lesezeit":"4\u00a0Minuten"},"schema":{"@context":"https:\/\/schema.org","@graph":[{"@type":"WebPage","@id":"https:\/\/gng.dk\/de\/danish-quality\/","url":"https:\/\/gng.dk\/de\/danish-quality\/","name":"D\u00e4nisches Qualit\u00e4t - Gasa Nord Gr\u00f8nt","isPartOf":{"@id":"https:\/\/gng.dk\/de\/#website"},"datePublished":"2022-02-14T14:08:59+00:00","dateModified":"2026-02-17T11:11:01+00:00","breadcrumb":{"@id":"https:\/\/gng.dk\/de\/danish-quality\/#breadcrumb"},"inLanguage":"de","potentialAction":[{"@type":"ReadAction","target":["https:\/\/gng.dk\/de\/danish-quality\/"]}]},{"@type":"BreadcrumbList","@id":"https:\/\/gng.dk\/de\/danish-quality\/#breadcrumb","itemListElement":[{"@type":"ListItem","position":1,"name":"Hjem","item":"https:\/\/gng.dk\/de\/"},{"@type":"ListItem","position":2,"name":"D\u00e4nisches Qualit\u00e4t"}]},{"@type":"WebSite","@id":"https:\/\/gng.dk\/de\/#website","url":"https:\/\/gng.dk\/de\/","name":"Gasa Nord Gr\u00f8nt","description":"Produktion med respekt for naturen","publisher":{"@id":"https:\/\/gng.dk\/de\/#organization"},"potentialAction":[{"@type":"SearchAction","target":{"@type":"EntryPoint","urlTemplate":"https:\/\/gng.dk\/de\/?s={search_term_string}"},"query-input":{"@type":"PropertyValueSpecification","valueRequired":true,"valueName":"search_term_string"}}],"inLanguage":"de"},{"@type":"Organization","@id":"https:\/\/gng.dk\/de\/#organization","name":"Gasa Nord Gr\u00f8nt","url":"https:\/\/gng.dk\/de\/","logo":{"@type":"ImageObject","inLanguage":"de","@id":"https:\/\/gng.dk\/de\/#\/schema\/logo\/image\/","url":"https:\/\/gng.klean.it\/wp-content\/uploads\/2022\/01\/gng_logo.svg","contentUrl":"https:\/\/gng.klean.it\/wp-content\/uploads\/2022\/01\/gng_logo.svg","width":"1","height":"1","caption":"Gasa Nord Gr\u00f8nt"},"image":{"@id":"https:\/\/gng.dk\/de\/#\/schema\/logo\/image\/"}}]}},"_links":{"self":[{"href":"https:\/\/gng.dk\/de\/wp-json\/wp\/v2\/pages\/4020","targetHints":{"allow":["GET"]}}],"collection":[{"href":"https:\/\/gng.dk\/de\/wp-json\/wp\/v2\/pages"}],"about":[{"href":"https:\/\/gng.dk\/de\/wp-json\/wp\/v2\/types\/page"}],"author":[{"embeddable":true,"href":"https:\/\/gng.dk\/de\/wp-json\/wp\/v2\/users\/6"}],"replies":[{"embeddable":true,"href":"https:\/\/gng.dk\/de\/wp-json\/wp\/v2\/comments?post=4020"}],"version-history":[{"count":7,"href":"https:\/\/gng.dk\/de\/wp-json\/wp\/v2\/pages\/4020\/revisions"}],"predecessor-version":[{"id":5461,"href":"https:\/\/gng.dk\/de\/wp-json\/wp\/v2\/pages\/4020\/revisions\/5461"}],"wp:attachment":[{"href":"https:\/\/gng.dk\/de\/wp-json\/wp\/v2\/media?parent=4020"}],"curies":[{"name":"wp","href":"https:\/\/api.w.org\/{rel}","templated":true}]}}