{"id":4024,"date":"2022-05-18T10:49:10","date_gmt":"2022-05-18T10:49:10","guid":{"rendered":"https:\/\/gng.dk\/?page_id=4024"},"modified":"2023-01-12T14:22:40","modified_gmt":"2023-01-12T14:22:40","slug":"ueber-danish-organic-growers","status":"publish","type":"page","link":"https:\/\/gng.dk\/de\/ueber-danish-organic-growers\/","title":{"rendered":"\u00dcber Danish Organic Growers"},"content":{"rendered":"<div class=\"wpb-content-wrapper\"><p>[vc_row row_height_percent=&#8220;60&#8243; override_padding=&#8220;yes&#8220; h_padding=&#8220;2&#8243; top_padding=&#8220;2&#8243; bottom_padding=&#8220;3&#8243; back_color=&#8220;color-166731&#8243; back_image=&#8220;34&#8243; overlay_alpha=&#8220;65&#8243; gutter_size=&#8220;3&#8243; column_width_percent=&#8220;100&#8243; shift_y=&#8220;0&#8243; z_index=&#8220;0&#8243; uncode_shortcode_id=&#8220;113043&#8243; back_color_type=&#8220;uncode-palette&#8220; overlay_color_type=&#8220;uncode-gradient&#8220; overlay_color_gradient=&#8220;{&#8222;css&#8222;:&#8222;background: linear-gradient(to top , rgb(19, 19, 19) , rgba(19, 19, 19, 0) 100%);&#8222;,&#8222;sliders&#8222;:`{`{&#8222;color&#8222;:&#8222;rgb(19, 19, 19)&#8222;,&#8222;position&#8222;:0},{&#8222;color&#8222;:&#8222;rgba(19, 19, 19, 0)&#8222;,&#8222;position&#8222;:100}`}`,&#8222;type&#8222;:&#8222;linear&#8222;,&#8222;direction&#8222;:&#8222;bottom&#8222;}&#8220;][vc_column column_width_use_pixel=&#8220;yes&#8220; position_vertical=&#8220;bottom&#8220; gutter_size=&#8220;3&#8243; style=&#8220;dark&#8220; overlay_alpha=&#8220;50&#8243; shift_x=&#8220;0&#8243; shift_y=&#8220;0&#8243; shift_y_down=&#8220;0&#8243; z_index=&#8220;0&#8243; medium_width=&#8220;0&#8243; mobile_width=&#8220;0&#8243; width=&#8220;2\/3&#8243; uncode_shortcode_id=&#8220;187834&#8243; column_width_pixel=&#8220;900&#8243;][vc_custom_heading heading_semantic=&#8220;h1&#8243; text_size=&#8220;h1&#8243; css_animation=&#8220;bottom-t-top&#8220; uncode_shortcode_id=&#8220;469627&#8243;]<\/p>\n<div>\n<p><span lang=\"DE\">\u00dcber Danish Organic Growers<\/span><\/p>\n<\/div>\n<p>[\/vc_custom_heading][\/vc_column][vc_column column_width_percent=&#8220;100&#8243; gutter_size=&#8220;3&#8243; overlay_alpha=&#8220;50&#8243; shift_x=&#8220;0&#8243; shift_y=&#8220;0&#8243; shift_y_down=&#8220;0&#8243; z_index=&#8220;0&#8243; medium_width=&#8220;0&#8243; mobile_width=&#8220;0&#8243; width=&#8220;1\/3&#8243; uncode_shortcode_id=&#8220;863407&#8243;][\/vc_column][\/vc_row][vc_row row_height_percent=&#8220;0&#8243; override_padding=&#8220;yes&#8220; h_padding=&#8220;2&#8243; top_padding=&#8220;4&#8243; bottom_padding=&#8220;3&#8243; overlay_alpha=&#8220;50&#8243; equal_height=&#8220;yes&#8220; gutter_size=&#8220;3&#8243; column_width_percent=&#8220;100&#8243; shift_y=&#8220;0&#8243; shift_y_fixed=&#8220;yes&#8220; z_index=&#8220;0&#8243; uncode_shortcode_id=&#8220;199319&#8243;][vc_column column_width_use_pixel=&#8220;yes&#8220; gutter_size=&#8220;3&#8243; overlay_alpha=&#8220;50&#8243; shift_x=&#8220;0&#8243; shift_y=&#8220;0&#8243; shift_y_down=&#8220;0&#8243; z_index=&#8220;0&#8243; medium_width=&#8220;0&#8243; mobile_width=&#8220;0&#8243; css_animation=&#8220;bottom-t-top&#8220; animation_delay=&#8220;100&#8243; width=&#8220;1\/3&#8243; uncode_shortcode_id=&#8220;618315&#8243; column_width_pixel=&#8220;900&#8243;][vc_single_image media=&#8220;2919&#8243; media_width_percent=&#8220;100&#8243; uncode_shortcode_id=&#8220;102184&#8243;][\/vc_column][vc_column column_width_use_pixel=&#8220;yes&#8220; gutter_size=&#8220;3&#8243; overlay_alpha=&#8220;50&#8243; shift_x=&#8220;0&#8243; shift_y=&#8220;0&#8243; shift_y_down=&#8220;0&#8243; z_index=&#8220;0&#8243; medium_width=&#8220;0&#8243; mobile_width=&#8220;0&#8243; width=&#8220;2\/3&#8243; uncode_shortcode_id=&#8220;109220&#8243; column_width_pixel=&#8220;900&#8243;][vc_custom_heading text_size=&#8220;h3&#8243; uncode_shortcode_id=&#8220;388419&#8243;]<\/p>\n<div>\n<p><span lang=\"DE\">Wer wir sind<\/span><\/p>\n<\/div>\n<p>[\/vc_custom_heading][vc_column_text uncode_shortcode_id=&#8220;178925&#8243;]<\/p>\n<p style=\"font-weight: 400;\">Danish Organic Growers macht die Ihnen leichter, eine gesunde Wahl zu treffen. Wir liefern frisches Obst und Gem\u00fcse aus d\u00e4nischer Landwirtschaft mit besonderem Augenmerk auf biologische und nachhaltige Erzeugung.<\/p>\n<p style=\"font-weight: 400;\">Unsere Produkte werden t\u00e4glich direkt von den Erzeugern an den Einzelhandel und die Gastronomie geliefert. Das Verkaufsteam stellt den Kontakt zwischen den Erzeugern und den Kunden her.<\/p>\n<p style=\"font-weight: 400;\">Unser Hauptsitz befindet sich im Agro Food Park in Aarhus, D\u00e4nemark. Zus\u00e4tzlich verf\u00fcgen wir \u00fcber eine Fruchtabteilung in Saksk\u00f8bing.<\/p>\n<p>[\/vc_column_text][\/vc_column][\/vc_row][vc_row row_height_percent=&#8220;0&#8243; override_padding=&#8220;yes&#8220; h_padding=&#8220;2&#8243; top_padding=&#8220;2&#8243; bottom_padding=&#8220;3&#8243; overlay_alpha=&#8220;50&#8243; gutter_size=&#8220;3&#8243; column_width_percent=&#8220;100&#8243; shift_y=&#8220;0&#8243; z_index=&#8220;0&#8243; uncode_shortcode_id=&#8220;240018&#8243;][vc_column column_width_use_pixel=&#8220;yes&#8220; gutter_size=&#8220;3&#8243; style=&#8220;light&#8220; overlay_alpha=&#8220;50&#8243; shift_x=&#8220;0&#8243; shift_y=&#8220;0&#8243; shift_y_down=&#8220;0&#8243; z_index=&#8220;0&#8243; medium_width=&#8220;0&#8243; mobile_width=&#8220;0&#8243; css_animation=&#8220;bottom-t-top&#8220; animation_delay=&#8220;100&#8243; width=&#8220;2\/3&#8243; uncode_shortcode_id=&#8220;973838&#8243; column_width_pixel=&#8220;900&#8243;][vc_custom_heading text_size=&#8220;h3&#8243; css_animation=&#8220;bottom-t-top&#8220; uncode_shortcode_id=&#8220;149813&#8243;]<\/p>\n<div>\n<p><span lang=\"DE\">Basierend auf genossenschaftlichen Grunds\u00e4tzen<\/span><\/p>\n<\/div>\n<p>[\/vc_custom_heading][vc_column_text css_animation=&#8220;bottom-t-top&#8220; animation_delay=&#8220;100&#8243; uncode_shortcode_id=&#8220;191354&#8243;]<\/p>\n<p style=\"font-weight: 400;\">Unser Unternehmen basiert auf den Prinzipien der landwirtschaftlichen Genossenschaft und ist im Besitz der Erzeuger, die wir vertreten. Unsere Erzeuger befinden sich in ganz D\u00e4nemark, und gemeinsam bieten wir ein breites Produktsortiment an, das nahezu die gesamte Palette der nordischen Obst- und Gem\u00fcseerzeugung abdeckt.<\/p>\n<p>[\/vc_column_text][\/vc_column][vc_column width=&#8220;1\/3&#8243;][vc_single_image media=&#8220;2922&#8243; media_width_percent=&#8220;100&#8243; uncode_shortcode_id=&#8220;110439&#8243;][\/vc_column][\/vc_row][vc_row unlock_row_content=&#8220;yes&#8220; row_height_percent=&#8220;0&#8243; override_padding=&#8220;yes&#8220; h_padding=&#8220;0&#8243; top_padding=&#8220;2&#8243; bottom_padding=&#8220;0&#8243; overlay_alpha=&#8220;50&#8243; equal_height=&#8220;yes&#8220; gutter_size=&#8220;0&#8243; column_width_percent=&#8220;100&#8243; shift_y=&#8220;0&#8243; z_index=&#8220;0&#8243; uncode_shortcode_id=&#8220;206500&#8243;][vc_column column_width_percent=&#8220;100&#8243; align_horizontal=&#8220;align_center&#8220; gutter_size=&#8220;3&#8243; overlay_alpha=&#8220;50&#8243; shift_x=&#8220;0&#8243; shift_y=&#8220;0&#8243; shift_y_down=&#8220;0&#8243; z_index=&#8220;0&#8243; medium_width=&#8220;3&#8243; mobile_width=&#8220;3&#8243; css_animation=&#8220;bottom-t-top&#8220; animation_delay=&#8220;300&#8243; shadow=&#8220;xs&#8220; width=&#8220;1\/3&#8243; uncode_shortcode_id=&#8220;130834&#8243;][vc_single_image media=&#8220;3163&#8243; media_width_percent=&#8220;100&#8243; media_ratio=&#8220;one-one&#8220; alignment=&#8220;center&#8220; uncode_shortcode_id=&#8220;150135&#8243;][\/vc_column][vc_column column_width_percent=&#8220;100&#8243; align_horizontal=&#8220;align_center&#8220; gutter_size=&#8220;3&#8243; overlay_alpha=&#8220;50&#8243; shift_x=&#8220;0&#8243; shift_y=&#8220;0&#8243; shift_y_down=&#8220;0&#8243; z_index=&#8220;0&#8243; medium_width=&#8220;3&#8243; mobile_width=&#8220;3&#8243; css_animation=&#8220;bottom-t-top&#8220; animation_delay=&#8220;300&#8243; shadow=&#8220;xs&#8220; width=&#8220;1\/3&#8243; uncode_shortcode_id=&#8220;571155&#8243;][vc_single_image media=&#8220;3166&#8243; media_width_percent=&#8220;100&#8243; media_ratio=&#8220;one-one&#8220; alignment=&#8220;center&#8220; uncode_shortcode_id=&#8220;910932&#8243;][\/vc_column][vc_column column_width_percent=&#8220;100&#8243; align_horizontal=&#8220;align_center&#8220; gutter_size=&#8220;3&#8243; overlay_alpha=&#8220;50&#8243; shift_x=&#8220;0&#8243; shift_y=&#8220;0&#8243; shift_y_down=&#8220;0&#8243; z_index=&#8220;0&#8243; medium_width=&#8220;3&#8243; mobile_width=&#8220;3&#8243; css_animation=&#8220;bottom-t-top&#8220; animation_delay=&#8220;400&#8243; shadow=&#8220;xs&#8220; width=&#8220;1\/3&#8243; uncode_shortcode_id=&#8220;318099&#8243;][vc_single_image media=&#8220;3169&#8243; media_width_percent=&#8220;100&#8243; media_ratio=&#8220;one-one&#8220; alignment=&#8220;center&#8220; uncode_shortcode_id=&#8220;737416&#8243;][\/vc_column][\/vc_row][vc_row row_height_percent=&#8220;0&#8243; override_padding=&#8220;yes&#8220; h_padding=&#8220;2&#8243; top_padding=&#8220;4&#8243; bottom_padding=&#8220;4&#8243; back_color=&#8220;color-166731&#8243; back_image=&#8220;3183&#8243; back_repeat=&#8220;no-repeat&#8220; back_position=&#8220;right center&#8220; overlay_alpha=&#8220;50&#8243; gutter_size=&#8220;3&#8243; column_width_percent=&#8220;100&#8243; shift_y=&#8220;0&#8243; z_index=&#8220;0&#8243; uncode_shortcode_id=&#8220;574064&#8243; back_color_type=&#8220;uncode-palette&#8220; back_size=&#8220;contain&#8220;][vc_column column_width_use_pixel=&#8220;yes&#8220; gutter_size=&#8220;3&#8243; style=&#8220;light&#8220; overlay_alpha=&#8220;50&#8243; shift_x=&#8220;0&#8243; shift_y=&#8220;0&#8243; shift_y_down=&#8220;0&#8243; z_index=&#8220;0&#8243; medium_width=&#8220;0&#8243; mobile_width=&#8220;0&#8243; css_animation=&#8220;bottom-t-top&#8220; animation_delay=&#8220;100&#8243; width=&#8220;1\/1&#8243; uncode_shortcode_id=&#8220;973838&#8243; column_width_pixel=&#8220;900&#8243;][vc_row_inner][vc_column_inner width=&#8220;2\/3&#8243;][vc_custom_heading text_size=&#8220;h3&#8243; css_animation=&#8220;bottom-t-top&#8220; uncode_shortcode_id=&#8220;714589&#8243;]Danish Organic Growers[\/vc_custom_heading][vc_column_text css_animation=&#8220;bottom-t-top&#8220; animation_delay=&#8220;100&#8243; uncode_shortcode_id=&#8220;156597&#8243;]<\/p>\n<p style=\"font-weight: 400;\">Wir haben uns nicht allein auf den Verkauf von Obst und Gem\u00fcse spezialisiert. F\u00fcr uns geht es darum, den Konsumenten eine gesunde Ern\u00e4hrung zu erleichtern. In Zusammenarbeit mit unseren Kunden und Partnern engagieren wir vor allem daf\u00fcr, den Markt f\u00fcr Obst und Gem\u00fcse zu bereichern. Dabei legen wir einen starken Fokus auf die Entwicklung von Produkten und Kategorien, die wir auf Grundlage von Markt- und Verbraucheranalysen entwickeln. Zu unserem Kundenteam geh\u00f6ren spezialisierte Mitarbeiter aus den Bereichen Foodservice und Einzelhandel, Marketing, Gesch\u00e4ftsentwicklung, Kundenservice und Qualit\u00e4tskontrolle.<\/p>\n<p>[\/vc_column_text][\/vc_column_inner][vc_column_inner width=&#8220;1\/3&#8243;][vc_single_image media=&#8220;3679&#8243; media_width_percent=&#8220;100&#8243; uncode_shortcode_id=&#8220;420759&#8243; media_link=&#8220;url:https%3A%2F%2Fvoresjord.dk%2F|target:_blank&#8220;][\/vc_column_inner][\/vc_row_inner][\/vc_column][\/vc_row][vc_row][vc_column width=&#8220;1\/1&#8243;][uncode_block id=&#8220;943&#8243;][\/vc_column][\/vc_row]<\/p>\n<\/div>","protected":false},"excerpt":{"rendered":"<p>[vc_row row_height_percent=&#8220;60&#8243; override_padding=&#8220;yes&#8220; h_padding=&#8220;2&#8243; top_padding=&#8220;2&#8243; bottom_padding=&#8220;3&#8243; back_color=&#8220;color-166731&#8243; back_image=&#8220;34&#8243; overlay_alpha=&#8220;65&#8243; gutter_size=&#8220;3&#8243; column_width_percent=&#8220;100&#8243; shift_y=&#8220;0&#8243; z_index=&#8220;0&#8243; uncode_shortcode_id=&#8220;113043&#8243; back_color_type=&#8220;uncode-palette&#8220; overlay_color_type=&#8220;uncode-gradient&#8220; overlay_color_gradient=&#8220;{&#8222;css&#8222;:&#8222;background: linear-gradient(to top , [&hellip;]<\/p>\n","protected":false},"author":6,"featured_media":0,"parent":0,"menu_order":0,"comment_status":"closed","ping_status":"closed","template":"","meta":{"_acf_changed":false,"footnotes":""},"class_list":["post-4024","page","type-page","status-publish","hentry"],"acf":[],"yoast_head":"<!-- This site is optimized with the Yoast SEO plugin v26.7 - https:\/\/yoast.com\/wordpress\/plugins\/seo\/ -->\n<title>\u00dcber Danish Organic Growers - Gasa Nord Gr\u00f8nt<\/title>\n<meta name=\"robots\" content=\"index, follow, max-snippet:-1, max-image-preview:large, max-video-preview:-1\" \/>\n<link rel=\"canonical\" href=\"https:\/\/gng.dk\/de\/ueber-danish-organic-growers\/\" \/>\n<meta property=\"og:locale\" content=\"de_DE\" \/>\n<meta property=\"og:type\" content=\"article\" \/>\n<meta property=\"og:title\" content=\"\u00dcber Danish Organic Growers - Gasa Nord Gr\u00f8nt\" \/>\n<meta property=\"og:description\" content=\"[vc_row row_height_percent=&#8220;60&#8243; override_padding=&#8220;yes&#8220; h_padding=&#8220;2&#8243; top_padding=&#8220;2&#8243; bottom_padding=&#8220;3&#8243; back_color=&#8220;color-166731&#8243; back_image=&#8220;34&#8243; overlay_alpha=&#8220;65&#8243; gutter_size=&#8220;3&#8243; column_width_percent=&#8220;100&#8243; shift_y=&#8220;0&#8243; z_index=&#8220;0&#8243; uncode_shortcode_id=&#8220;113043&#8243; back_color_type=&#8220;uncode-palette&#8220; overlay_color_type=&#8220;uncode-gradient&#8220; overlay_color_gradient=&#8220;{&#8222;css&#8222;:&#8222;background: linear-gradient(to top , [&hellip;]\" \/>\n<meta property=\"og:url\" content=\"https:\/\/gng.dk\/de\/ueber-danish-organic-growers\/\" \/>\n<meta property=\"og:site_name\" content=\"Gasa Nord Gr\u00f8nt\" \/>\n<meta property=\"article:modified_time\" content=\"2023-01-12T14:22:40+00:00\" \/>\n<meta name=\"twitter:card\" content=\"summary_large_image\" \/>\n<meta name=\"twitter:label1\" content=\"Gesch\u00e4tzte Lesezeit\" \/>\n\t<meta name=\"twitter:data1\" content=\"3\u00a0Minuten\" \/>\n<script type=\"application\/ld+json\" class=\"yoast-schema-graph\">{\"@context\":\"https:\/\/schema.org\",\"@graph\":[{\"@type\":\"WebPage\",\"@id\":\"https:\/\/gng.dk\/de\/ueber-danish-organic-growers\/\",\"url\":\"https:\/\/gng.dk\/de\/ueber-danish-organic-growers\/\",\"name\":\"\u00dcber Danish Organic Growers - Gasa Nord Gr\u00f8nt\",\"isPartOf\":{\"@id\":\"https:\/\/gng.dk\/de\/#website\"},\"datePublished\":\"2022-05-18T10:49:10+00:00\",\"dateModified\":\"2023-01-12T14:22:40+00:00\",\"breadcrumb\":{\"@id\":\"https:\/\/gng.dk\/de\/ueber-danish-organic-growers\/#breadcrumb\"},\"inLanguage\":\"de\",\"potentialAction\":[{\"@type\":\"ReadAction\",\"target\":[\"https:\/\/gng.dk\/de\/ueber-danish-organic-growers\/\"]}]},{\"@type\":\"BreadcrumbList\",\"@id\":\"https:\/\/gng.dk\/de\/ueber-danish-organic-growers\/#breadcrumb\",\"itemListElement\":[{\"@type\":\"ListItem\",\"position\":1,\"name\":\"Hjem\",\"item\":\"https:\/\/gng.dk\/de\/\"},{\"@type\":\"ListItem\",\"position\":2,\"name\":\"\u00dcber Danish Organic Growers\"}]},{\"@type\":\"WebSite\",\"@id\":\"https:\/\/gng.dk\/de\/#website\",\"url\":\"https:\/\/gng.dk\/de\/\",\"name\":\"Gasa Nord Gr\u00f8nt\",\"description\":\"Produktion med respekt for naturen\",\"publisher\":{\"@id\":\"https:\/\/gng.dk\/de\/#organization\"},\"potentialAction\":[{\"@type\":\"SearchAction\",\"target\":{\"@type\":\"EntryPoint\",\"urlTemplate\":\"https:\/\/gng.dk\/de\/?s={search_term_string}\"},\"query-input\":{\"@type\":\"PropertyValueSpecification\",\"valueRequired\":true,\"valueName\":\"search_term_string\"}}],\"inLanguage\":\"de\"},{\"@type\":\"Organization\",\"@id\":\"https:\/\/gng.dk\/de\/#organization\",\"name\":\"Gasa Nord Gr\u00f8nt\",\"url\":\"https:\/\/gng.dk\/de\/\",\"logo\":{\"@type\":\"ImageObject\",\"inLanguage\":\"de\",\"@id\":\"https:\/\/gng.dk\/de\/#\/schema\/logo\/image\/\",\"url\":\"https:\/\/gng.klean.it\/wp-content\/uploads\/2022\/01\/gng_logo.svg\",\"contentUrl\":\"https:\/\/gng.klean.it\/wp-content\/uploads\/2022\/01\/gng_logo.svg\",\"width\":\"1\",\"height\":\"1\",\"caption\":\"Gasa Nord Gr\u00f8nt\"},\"image\":{\"@id\":\"https:\/\/gng.dk\/de\/#\/schema\/logo\/image\/\"}}]}<\/script>\n<!-- \/ Yoast SEO plugin. -->","yoast_head_json":{"title":"\u00dcber Danish Organic Growers - Gasa Nord Gr\u00f8nt","robots":{"index":"index","follow":"follow","max-snippet":"max-snippet:-1","max-image-preview":"max-image-preview:large","max-video-preview":"max-video-preview:-1"},"canonical":"https:\/\/gng.dk\/de\/ueber-danish-organic-growers\/","og_locale":"de_DE","og_type":"article","og_title":"\u00dcber Danish Organic Growers - Gasa Nord Gr\u00f8nt","og_description":"[vc_row row_height_percent=&#8220;60&#8243; override_padding=&#8220;yes&#8220; h_padding=&#8220;2&#8243; top_padding=&#8220;2&#8243; bottom_padding=&#8220;3&#8243; back_color=&#8220;color-166731&#8243; back_image=&#8220;34&#8243; overlay_alpha=&#8220;65&#8243; gutter_size=&#8220;3&#8243; column_width_percent=&#8220;100&#8243; shift_y=&#8220;0&#8243; z_index=&#8220;0&#8243; uncode_shortcode_id=&#8220;113043&#8243; back_color_type=&#8220;uncode-palette&#8220; overlay_color_type=&#8220;uncode-gradient&#8220; overlay_color_gradient=&#8220;{&#8222;css&#8222;:&#8222;background: linear-gradient(to top , [&hellip;]","og_url":"https:\/\/gng.dk\/de\/ueber-danish-organic-growers\/","og_site_name":"Gasa Nord Gr\u00f8nt","article_modified_time":"2023-01-12T14:22:40+00:00","twitter_card":"summary_large_image","twitter_misc":{"Gesch\u00e4tzte Lesezeit":"3\u00a0Minuten"},"schema":{"@context":"https:\/\/schema.org","@graph":[{"@type":"WebPage","@id":"https:\/\/gng.dk\/de\/ueber-danish-organic-growers\/","url":"https:\/\/gng.dk\/de\/ueber-danish-organic-growers\/","name":"\u00dcber Danish Organic Growers - Gasa Nord Gr\u00f8nt","isPartOf":{"@id":"https:\/\/gng.dk\/de\/#website"},"datePublished":"2022-05-18T10:49:10+00:00","dateModified":"2023-01-12T14:22:40+00:00","breadcrumb":{"@id":"https:\/\/gng.dk\/de\/ueber-danish-organic-growers\/#breadcrumb"},"inLanguage":"de","potentialAction":[{"@type":"ReadAction","target":["https:\/\/gng.dk\/de\/ueber-danish-organic-growers\/"]}]},{"@type":"BreadcrumbList","@id":"https:\/\/gng.dk\/de\/ueber-danish-organic-growers\/#breadcrumb","itemListElement":[{"@type":"ListItem","position":1,"name":"Hjem","item":"https:\/\/gng.dk\/de\/"},{"@type":"ListItem","position":2,"name":"\u00dcber Danish Organic Growers"}]},{"@type":"WebSite","@id":"https:\/\/gng.dk\/de\/#website","url":"https:\/\/gng.dk\/de\/","name":"Gasa Nord Gr\u00f8nt","description":"Produktion med respekt for naturen","publisher":{"@id":"https:\/\/gng.dk\/de\/#organization"},"potentialAction":[{"@type":"SearchAction","target":{"@type":"EntryPoint","urlTemplate":"https:\/\/gng.dk\/de\/?s={search_term_string}"},"query-input":{"@type":"PropertyValueSpecification","valueRequired":true,"valueName":"search_term_string"}}],"inLanguage":"de"},{"@type":"Organization","@id":"https:\/\/gng.dk\/de\/#organization","name":"Gasa Nord Gr\u00f8nt","url":"https:\/\/gng.dk\/de\/","logo":{"@type":"ImageObject","inLanguage":"de","@id":"https:\/\/gng.dk\/de\/#\/schema\/logo\/image\/","url":"https:\/\/gng.klean.it\/wp-content\/uploads\/2022\/01\/gng_logo.svg","contentUrl":"https:\/\/gng.klean.it\/wp-content\/uploads\/2022\/01\/gng_logo.svg","width":"1","height":"1","caption":"Gasa Nord Gr\u00f8nt"},"image":{"@id":"https:\/\/gng.dk\/de\/#\/schema\/logo\/image\/"}}]}},"_links":{"self":[{"href":"https:\/\/gng.dk\/de\/wp-json\/wp\/v2\/pages\/4024","targetHints":{"allow":["GET"]}}],"collection":[{"href":"https:\/\/gng.dk\/de\/wp-json\/wp\/v2\/pages"}],"about":[{"href":"https:\/\/gng.dk\/de\/wp-json\/wp\/v2\/types\/page"}],"author":[{"embeddable":true,"href":"https:\/\/gng.dk\/de\/wp-json\/wp\/v2\/users\/6"}],"replies":[{"embeddable":true,"href":"https:\/\/gng.dk\/de\/wp-json\/wp\/v2\/comments?post=4024"}],"version-history":[{"count":3,"href":"https:\/\/gng.dk\/de\/wp-json\/wp\/v2\/pages\/4024\/revisions"}],"predecessor-version":[{"id":4369,"href":"https:\/\/gng.dk\/de\/wp-json\/wp\/v2\/pages\/4024\/revisions\/4369"}],"wp:attachment":[{"href":"https:\/\/gng.dk\/de\/wp-json\/wp\/v2\/media?parent=4024"}],"curies":[{"name":"wp","href":"https:\/\/api.w.org\/{rel}","templated":true}]}}