{"id":4061,"date":"2022-02-07T07:54:43","date_gmt":"2022-02-07T07:54:43","guid":{"rendered":"https:\/\/gng.dk\/?page_id=4061"},"modified":"2022-12-19T10:06:31","modified_gmt":"2022-12-19T10:06:31","slug":"produkte","status":"publish","type":"page","link":"https:\/\/gng.dk\/de\/produkte\/","title":{"rendered":"Produkte"},"content":{"rendered":"<div class=\"wpb-content-wrapper\"><p>[vc_row row_height_percent=&#8220;0&#8243; override_padding=&#8220;yes&#8220; h_padding=&#8220;2&#8243; top_padding=&#8220;3&#8243; bottom_padding=&#8220;2&#8243; back_color=&#8220;color-166731&#8243; overlay_alpha=&#8220;50&#8243; gutter_size=&#8220;3&#8243; column_width_percent=&#8220;100&#8243; shift_y=&#8220;0&#8243; z_index=&#8220;0&#8243; uncode_shortcode_id=&#8220;566389&#8243; back_color_type=&#8220;uncode-palette&#8220;][vc_column width=&#8220;1\/1&#8243;][vc_custom_heading text_color=&#8220;color-205931&#8243; heading_semantic=&#8220;h1&#8243; text_size=&#8220;h1&#8243; css_animation=&#8220;bottom-t-top&#8220; uncode_shortcode_id=&#8220;184678&#8243; text_color_type=&#8220;uncode-palette&#8220;]Entdecken Sie unser gesamtes Produktsortiment[\/vc_custom_heading][\/vc_column][\/vc_row][vc_row row_height_percent=&#8220;0&#8243; override_padding=&#8220;yes&#8220; h_padding=&#8220;2&#8243; top_padding=&#8220;2&#8243; bottom_padding=&#8220;4&#8243; back_color=&#8220;color-166731&#8243; overlay_alpha=&#8220;50&#8243; gutter_size=&#8220;3&#8243; column_width_percent=&#8220;100&#8243; shift_y=&#8220;0&#8243; z_index=&#8220;0&#8243; uncode_shortcode_id=&#8220;907477&#8243; back_color_type=&#8220;uncode-palette&#8220;][vc_column column_width_use_pixel=&#8220;yes&#8220; gutter_size=&#8220;3&#8243; overlay_alpha=&#8220;50&#8243; shift_x=&#8220;0&#8243; shift_y=&#8220;0&#8243; shift_y_down=&#8220;0&#8243; z_index=&#8220;0&#8243; medium_width=&#8220;0&#8243; mobile_width=&#8220;0&#8243; width=&#8220;1\/2&#8243; uncode_shortcode_id=&#8220;152427&#8243; column_width_pixel=&#8220;900&#8243;][vc_column_text css_animation=&#8220;bottom-t-top&#8220; animation_delay=&#8220;100&#8243; uncode_shortcode_id=&#8220;102264&#8243;]Das skandinavische Klima bringt einen sch\u00f6nen Wechsel der Jahreszeiten mit sich, der sich auch in unserem Sortiment widerspiegelt. Die Hochsaison f\u00fcr Gem\u00fcse ist in D\u00e4nemark von Mai bis Oktober, wobei die Ertr\u00e4ge der einzelnen Anbauarten im Laufe der gesamten Saison variieren. Einige unserer Erzeugnisse, wie z. B. Lauch, Karotten, Pilze und Zwiebeln, sind nahezu das ganze Jahr \u00fcber erh\u00e4ltlich, w\u00e4hrend andere Gem\u00fcsesorten eine k\u00fcrzere Saison haben.<\/p>\n<p><a href=\"https:\/\/gng.dk\/wp-content\/uploads\/2022\/12\/94785_Saisonkalender_2022.pdf\" target=\"_blank\" rel=\"noopener\">Sehen Sie hier unseren Saisonkalender.<\/a>[\/vc_column_text][\/vc_column][vc_column column_width_percent=&#8220;100&#8243; gutter_size=&#8220;3&#8243; overlay_alpha=&#8220;50&#8243; shift_x=&#8220;0&#8243; shift_y=&#8220;0&#8243; shift_y_down=&#8220;0&#8243; z_index=&#8220;0&#8243; medium_width=&#8220;0&#8243; mobile_width=&#8220;0&#8243; width=&#8220;1\/2&#8243; uncode_shortcode_id=&#8220;863407&#8243;][vc_column_text css_animation=&#8220;bottom-t-top&#8220; animation_delay=&#8220;200&#8243; uncode_shortcode_id=&#8220;190255&#8243;][\/vc_column_text][\/vc_column][\/vc_row][vc_row unlock_row_content=&#8220;yes&#8220; row_height_percent=&#8220;0&#8243; override_padding=&#8220;yes&#8220; h_padding=&#8220;2&#8243; top_padding=&#8220;3&#8243; bottom_padding=&#8220;3&#8243; overlay_alpha=&#8220;50&#8243; gutter_size=&#8220;3&#8243; column_width_percent=&#8220;100&#8243; shift_y=&#8220;0&#8243; z_index=&#8220;0&#8243; uncode_shortcode_id=&#8220;182848&#8243;][vc_column width=&#8220;1\/1&#8243;][uncode_index el_id=&#8220;index-109678&#8243; loop=&#8220;size:All|order_by:title|order:ASC|post_type:produkter|tax_query:106|taxonomy_count:10&#8243; screen_lg=&#8220;1000&#8243; screen_md=&#8220;600&#8243; screen_sm=&#8220;480&#8243; filtering=&#8220;yes&#8220; filtering_position=&#8220;center&#8220; gutter_size=&#8220;2&#8243; produkter_items=&#8220;title,media|featured|onpost|original&#8220; single_text=&#8220;overlay&#8220; single_overlay_opacity=&#8220;50&#8243; single_overlay_visible=&#8220;yes&#8220; single_text_visible=&#8220;yes&#8220; single_h_align=&#8220;center&#8220; single_padding=&#8220;2&#8243; single_title_dimension=&#8220;h4&#8243; single_text_lead=&#8220;yes&#8220; single_css_animation=&#8220;bottom-t-top&#8220; custom_order=&#8220;yes&#8220; no_double_tap=&#8220;yes&#8220; uncode_shortcode_id=&#8220;590139&#8243; filter_all_text=&#8220;Vis alle&#8220; order_ids=&#8220;1448,1459,1471,1463,1465,1435,1491,1485,1475,165,1441,1453,1439,167,1418,1499,1473,1483,1479,1493,1467,448,1497,1469,1416,1429,869,163,1455,171,1487,1481,1451,1489,1445,730,1495&#8243;][\/vc_column][\/vc_row][vc_row][vc_column width=&#8220;1\/1&#8243;][uncode_block id=&#8220;947&#8243;][\/vc_column][\/vc_row]<\/p>\n<\/div>","protected":false},"excerpt":{"rendered":"<p>[vc_row row_height_percent=&#8220;0&#8243; override_padding=&#8220;yes&#8220; h_padding=&#8220;2&#8243; top_padding=&#8220;3&#8243; bottom_padding=&#8220;2&#8243; back_color=&#8220;color-166731&#8243; overlay_alpha=&#8220;50&#8243; gutter_size=&#8220;3&#8243; column_width_percent=&#8220;100&#8243; shift_y=&#8220;0&#8243; z_index=&#8220;0&#8243; uncode_shortcode_id=&#8220;566389&#8243; back_color_type=&#8220;uncode-palette&#8220;][vc_column width=&#8220;1\/1&#8243;][vc_custom_heading text_color=&#8220;color-205931&#8243; heading_semantic=&#8220;h1&#8243; text_size=&#8220;h1&#8243; css_animation=&#8220;bottom-t-top&#8220; uncode_shortcode_id=&#8220;184678&#8243; [&hellip;]<\/p>\n","protected":false},"author":4,"featured_media":0,"parent":0,"menu_order":0,"comment_status":"closed","ping_status":"closed","template":"","meta":{"_acf_changed":false,"footnotes":""},"class_list":["post-4061","page","type-page","status-publish","hentry"],"acf":[],"yoast_head":"<!-- This site is optimized with the Yoast SEO plugin v26.7 - https:\/\/yoast.com\/wordpress\/plugins\/seo\/ -->\n<title>Produkte - Gasa Nord Gr\u00f8nt<\/title>\n<meta name=\"robots\" content=\"index, follow, max-snippet:-1, max-image-preview:large, max-video-preview:-1\" \/>\n<link rel=\"canonical\" href=\"https:\/\/gng.dk\/de\/produkte\/\" \/>\n<meta property=\"og:locale\" content=\"de_DE\" \/>\n<meta property=\"og:type\" content=\"article\" \/>\n<meta property=\"og:title\" content=\"Produkte - Gasa Nord Gr\u00f8nt\" \/>\n<meta property=\"og:description\" content=\"[vc_row row_height_percent=&#8220;0&#8243; override_padding=&#8220;yes&#8220; h_padding=&#8220;2&#8243; top_padding=&#8220;3&#8243; bottom_padding=&#8220;2&#8243; back_color=&#8220;color-166731&#8243; overlay_alpha=&#8220;50&#8243; gutter_size=&#8220;3&#8243; column_width_percent=&#8220;100&#8243; shift_y=&#8220;0&#8243; z_index=&#8220;0&#8243; uncode_shortcode_id=&#8220;566389&#8243; back_color_type=&#8220;uncode-palette&#8220;][vc_column width=&#8220;1\/1&#8243;][vc_custom_heading text_color=&#8220;color-205931&#8243; heading_semantic=&#8220;h1&#8243; text_size=&#8220;h1&#8243; css_animation=&#8220;bottom-t-top&#8220; uncode_shortcode_id=&#8220;184678&#8243; [&hellip;]\" \/>\n<meta property=\"og:url\" content=\"https:\/\/gng.dk\/de\/produkte\/\" \/>\n<meta property=\"og:site_name\" content=\"Gasa Nord Gr\u00f8nt\" \/>\n<meta property=\"article:modified_time\" content=\"2022-12-19T10:06:31+00:00\" \/>\n<meta name=\"twitter:card\" content=\"summary_large_image\" \/>\n<meta name=\"twitter:label1\" content=\"Gesch\u00e4tzte Lesezeit\" \/>\n\t<meta name=\"twitter:data1\" content=\"1\u00a0Minute\" \/>\n<script type=\"application\/ld+json\" class=\"yoast-schema-graph\">{\"@context\":\"https:\/\/schema.org\",\"@graph\":[{\"@type\":\"WebPage\",\"@id\":\"https:\/\/gng.dk\/de\/produkte\/\",\"url\":\"https:\/\/gng.dk\/de\/produkte\/\",\"name\":\"Produkte - Gasa Nord Gr\u00f8nt\",\"isPartOf\":{\"@id\":\"https:\/\/gng.dk\/de\/#website\"},\"datePublished\":\"2022-02-07T07:54:43+00:00\",\"dateModified\":\"2022-12-19T10:06:31+00:00\",\"breadcrumb\":{\"@id\":\"https:\/\/gng.dk\/de\/produkte\/#breadcrumb\"},\"inLanguage\":\"de\",\"potentialAction\":[{\"@type\":\"ReadAction\",\"target\":[\"https:\/\/gng.dk\/de\/produkte\/\"]}]},{\"@type\":\"BreadcrumbList\",\"@id\":\"https:\/\/gng.dk\/de\/produkte\/#breadcrumb\",\"itemListElement\":[{\"@type\":\"ListItem\",\"position\":1,\"name\":\"Hjem\",\"item\":\"https:\/\/gng.dk\/de\/\"},{\"@type\":\"ListItem\",\"position\":2,\"name\":\"Produkte\"}]},{\"@type\":\"WebSite\",\"@id\":\"https:\/\/gng.dk\/de\/#website\",\"url\":\"https:\/\/gng.dk\/de\/\",\"name\":\"Gasa Nord Gr\u00f8nt\",\"description\":\"Produktion med respekt for naturen\",\"publisher\":{\"@id\":\"https:\/\/gng.dk\/de\/#organization\"},\"potentialAction\":[{\"@type\":\"SearchAction\",\"target\":{\"@type\":\"EntryPoint\",\"urlTemplate\":\"https:\/\/gng.dk\/de\/?s={search_term_string}\"},\"query-input\":{\"@type\":\"PropertyValueSpecification\",\"valueRequired\":true,\"valueName\":\"search_term_string\"}}],\"inLanguage\":\"de\"},{\"@type\":\"Organization\",\"@id\":\"https:\/\/gng.dk\/de\/#organization\",\"name\":\"Gasa Nord Gr\u00f8nt\",\"url\":\"https:\/\/gng.dk\/de\/\",\"logo\":{\"@type\":\"ImageObject\",\"inLanguage\":\"de\",\"@id\":\"https:\/\/gng.dk\/de\/#\/schema\/logo\/image\/\",\"url\":\"https:\/\/gng.klean.it\/wp-content\/uploads\/2022\/01\/gng_logo.svg\",\"contentUrl\":\"https:\/\/gng.klean.it\/wp-content\/uploads\/2022\/01\/gng_logo.svg\",\"width\":\"1\",\"height\":\"1\",\"caption\":\"Gasa Nord Gr\u00f8nt\"},\"image\":{\"@id\":\"https:\/\/gng.dk\/de\/#\/schema\/logo\/image\/\"}}]}<\/script>\n<!-- \/ Yoast SEO plugin. -->","yoast_head_json":{"title":"Produkte - Gasa Nord Gr\u00f8nt","robots":{"index":"index","follow":"follow","max-snippet":"max-snippet:-1","max-image-preview":"max-image-preview:large","max-video-preview":"max-video-preview:-1"},"canonical":"https:\/\/gng.dk\/de\/produkte\/","og_locale":"de_DE","og_type":"article","og_title":"Produkte - Gasa Nord Gr\u00f8nt","og_description":"[vc_row row_height_percent=&#8220;0&#8243; override_padding=&#8220;yes&#8220; h_padding=&#8220;2&#8243; top_padding=&#8220;3&#8243; bottom_padding=&#8220;2&#8243; back_color=&#8220;color-166731&#8243; overlay_alpha=&#8220;50&#8243; gutter_size=&#8220;3&#8243; column_width_percent=&#8220;100&#8243; shift_y=&#8220;0&#8243; z_index=&#8220;0&#8243; uncode_shortcode_id=&#8220;566389&#8243; back_color_type=&#8220;uncode-palette&#8220;][vc_column width=&#8220;1\/1&#8243;][vc_custom_heading text_color=&#8220;color-205931&#8243; heading_semantic=&#8220;h1&#8243; text_size=&#8220;h1&#8243; css_animation=&#8220;bottom-t-top&#8220; uncode_shortcode_id=&#8220;184678&#8243; [&hellip;]","og_url":"https:\/\/gng.dk\/de\/produkte\/","og_site_name":"Gasa Nord Gr\u00f8nt","article_modified_time":"2022-12-19T10:06:31+00:00","twitter_card":"summary_large_image","twitter_misc":{"Gesch\u00e4tzte Lesezeit":"1\u00a0Minute"},"schema":{"@context":"https:\/\/schema.org","@graph":[{"@type":"WebPage","@id":"https:\/\/gng.dk\/de\/produkte\/","url":"https:\/\/gng.dk\/de\/produkte\/","name":"Produkte - Gasa Nord Gr\u00f8nt","isPartOf":{"@id":"https:\/\/gng.dk\/de\/#website"},"datePublished":"2022-02-07T07:54:43+00:00","dateModified":"2022-12-19T10:06:31+00:00","breadcrumb":{"@id":"https:\/\/gng.dk\/de\/produkte\/#breadcrumb"},"inLanguage":"de","potentialAction":[{"@type":"ReadAction","target":["https:\/\/gng.dk\/de\/produkte\/"]}]},{"@type":"BreadcrumbList","@id":"https:\/\/gng.dk\/de\/produkte\/#breadcrumb","itemListElement":[{"@type":"ListItem","position":1,"name":"Hjem","item":"https:\/\/gng.dk\/de\/"},{"@type":"ListItem","position":2,"name":"Produkte"}]},{"@type":"WebSite","@id":"https:\/\/gng.dk\/de\/#website","url":"https:\/\/gng.dk\/de\/","name":"Gasa Nord Gr\u00f8nt","description":"Produktion med respekt for naturen","publisher":{"@id":"https:\/\/gng.dk\/de\/#organization"},"potentialAction":[{"@type":"SearchAction","target":{"@type":"EntryPoint","urlTemplate":"https:\/\/gng.dk\/de\/?s={search_term_string}"},"query-input":{"@type":"PropertyValueSpecification","valueRequired":true,"valueName":"search_term_string"}}],"inLanguage":"de"},{"@type":"Organization","@id":"https:\/\/gng.dk\/de\/#organization","name":"Gasa Nord Gr\u00f8nt","url":"https:\/\/gng.dk\/de\/","logo":{"@type":"ImageObject","inLanguage":"de","@id":"https:\/\/gng.dk\/de\/#\/schema\/logo\/image\/","url":"https:\/\/gng.klean.it\/wp-content\/uploads\/2022\/01\/gng_logo.svg","contentUrl":"https:\/\/gng.klean.it\/wp-content\/uploads\/2022\/01\/gng_logo.svg","width":"1","height":"1","caption":"Gasa Nord Gr\u00f8nt"},"image":{"@id":"https:\/\/gng.dk\/de\/#\/schema\/logo\/image\/"}}]}},"_links":{"self":[{"href":"https:\/\/gng.dk\/de\/wp-json\/wp\/v2\/pages\/4061","targetHints":{"allow":["GET"]}}],"collection":[{"href":"https:\/\/gng.dk\/de\/wp-json\/wp\/v2\/pages"}],"about":[{"href":"https:\/\/gng.dk\/de\/wp-json\/wp\/v2\/types\/page"}],"author":[{"embeddable":true,"href":"https:\/\/gng.dk\/de\/wp-json\/wp\/v2\/users\/4"}],"replies":[{"embeddable":true,"href":"https:\/\/gng.dk\/de\/wp-json\/wp\/v2\/comments?post=4061"}],"version-history":[{"count":1,"href":"https:\/\/gng.dk\/de\/wp-json\/wp\/v2\/pages\/4061\/revisions"}],"predecessor-version":[{"id":4067,"href":"https:\/\/gng.dk\/de\/wp-json\/wp\/v2\/pages\/4061\/revisions\/4067"}],"wp:attachment":[{"href":"https:\/\/gng.dk\/de\/wp-json\/wp\/v2\/media?parent=4061"}],"curies":[{"name":"wp","href":"https:\/\/api.w.org\/{rel}","templated":true}]}}