{"id":4532,"date":"2022-06-28T07:24:55","date_gmt":"2022-06-28T07:24:55","guid":{"rendered":"https:\/\/gng.dk\/?page_id=4532"},"modified":"2023-04-13T06:47:55","modified_gmt":"2023-04-13T06:47:55","slug":"datenschutzrichtlinie","status":"publish","type":"page","link":"https:\/\/gng.dk\/de\/datenschutzrichtlinie\/","title":{"rendered":"Datenschutzrichtlinie"},"content":{"rendered":"<div class=\"wpb-content-wrapper\"><p>[vc_row row_height_percent=&#8220;0&#8243; override_padding=&#8220;yes&#8220; h_padding=&#8220;2&#8243; top_padding=&#8220;2&#8243; bottom_padding=&#8220;4&#8243; overlay_alpha=&#8220;50&#8243; gutter_size=&#8220;3&#8243; column_width_percent=&#8220;100&#8243; shift_y=&#8220;0&#8243; z_index=&#8220;0&#8243; uncode_shortcode_id=&#8220;161736&#8243;][vc_column column_width_use_pixel=&#8220;yes&#8220; gutter_size=&#8220;3&#8243; overlay_alpha=&#8220;50&#8243; shift_x=&#8220;0&#8243; shift_y=&#8220;0&#8243; shift_y_down=&#8220;0&#8243; z_index=&#8220;0&#8243; medium_width=&#8220;0&#8243; mobile_width=&#8220;0&#8243; width=&#8220;2\/3&#8243; uncode_shortcode_id=&#8220;152427&#8243; column_width_pixel=&#8220;900&#8243;][vc_custom_heading text_color=&#8220;color-205931&#8243; heading_semantic=&#8220;h1&#8243; text_size=&#8220;h1&#8243; css_animation=&#8220;bottom-t-top&#8220; uncode_shortcode_id=&#8220;175689&#8243; text_color_type=&#8220;uncode-palette&#8220;]Datenschutzrichtlinie[\/vc_custom_heading][vc_empty_space empty_h=&#8220;2&#8243;][vc_column_text text_lead=&#8220;yes&#8220; css_animation=&#8220;bottom-t-top&#8220; animation_delay=&#8220;100&#8243; uncode_shortcode_id=&#8220;229494&#8243;]Hier erhalten Sie einen \u00dcberblick dar\u00fcber, wie Gasa Nord Gr\u00f8nt a.m.b.a. Informationen \u00fcber Sie sammelt und verarbeitet. Die Richtlinie gilt f\u00fcr Informationen, die Sie uns selbst zur Verf\u00fcgung stellen oder die wir \u00fcber unsere Website erhalten. Gasa Nord Gr\u00f8nt a.m.b.a. ist f\u00fcr diese Informationen verantwortlich und wir nehmen unsere Verantwortung ernst.<\/p>\n<p>Wir passen unsere Richtlinie zu personenbezogenen Daten an, im Zusammenhang damit wie sich unsere Erhebungen oder Arten der Datenverarbeitung \u00e4ndern.<\/p>\n<p>Wenn Sie Fragen haben, kontaktieren Sie uns bitte \u00fcber die untenstehenden Kontaktinformationen.<br \/>\nGasa Nord Gr\u00f8nt a.m.b.a.<br \/>\nCVR: 54 55 07 15<br \/>\nAgro Food Park 15<br \/>\n8200 Aarhus N<br \/>\nE-mail: <a href=\"mailto:info@gng.dk\">info@gng.dk<\/a><br \/>\nTelefon: <a href=\"callto:+4589301500\">+45 89 30 15 00<\/a>[\/vc_column_text][\/vc_column][vc_column column_width_percent=&#8220;100&#8243; gutter_size=&#8220;3&#8243; overlay_alpha=&#8220;50&#8243; shift_x=&#8220;0&#8243; shift_y=&#8220;0&#8243; shift_y_down=&#8220;0&#8243; z_index=&#8220;0&#8243; medium_width=&#8220;0&#8243; mobile_width=&#8220;0&#8243; width=&#8220;1\/3&#8243; uncode_shortcode_id=&#8220;863407&#8243;][\/vc_column][\/vc_row][vc_row row_height_percent=&#8220;0&#8243; override_padding=&#8220;yes&#8220; h_padding=&#8220;2&#8243; top_padding=&#8220;2&#8243; bottom_padding=&#8220;4&#8243; overlay_alpha=&#8220;50&#8243; gutter_size=&#8220;3&#8243; column_width_percent=&#8220;100&#8243; shift_y=&#8220;0&#8243; z_index=&#8220;0&#8243; uncode_shortcode_id=&#8220;161736&#8243;][vc_column column_width_use_pixel=&#8220;yes&#8220; gutter_size=&#8220;3&#8243; overlay_alpha=&#8220;50&#8243; shift_x=&#8220;0&#8243; shift_y=&#8220;0&#8243; shift_y_down=&#8220;0&#8243; z_index=&#8220;0&#8243; medium_width=&#8220;0&#8243; mobile_width=&#8220;0&#8243; css_animation=&#8220;bottom-t-top&#8220; animation_delay=&#8220;100&#8243; width=&#8220;2\/3&#8243; uncode_shortcode_id=&#8220;120950&#8243; column_width_pixel=&#8220;900&#8243;][vc_custom_heading text_color=&#8220;color-205931&#8243; heading_semantic=&#8220;h6&#8243; text_font=&#8220;font-889235&#8243; text_size=&#8220;h6&#8243; text_transform=&#8220;uppercase&#8220; uncode_shortcode_id=&#8220;674922&#8243; text_color_type=&#8220;uncode-palette&#8220;]WELCHE DATEN ERHEBEN WIR \u2013 UND WARUM?[\/vc_custom_heading][vc_column_text text_lead=&#8220;yes&#8220; uncode_shortcode_id=&#8220;181980&#8243;]Wir registrieren anonymisierte Informationen \u00fcber Ihre Sitzung \u2013 ab dem Zeitpunkt, an dem Sie unsere Website besuchen, bis Sie sie verlassen. Wir verwenden Informationen u.a. um zu beurteilen, welche Inhalte auf unserer Website angezeigt werden sollen, wie unsere Inhalte organisiert werden sowie um sicherzustellen, dass unsere Website reibungslos funktioniert. Der Zweck der Datenerhebung besteht darin, Ihnen das bestm\u00f6gliche Erlebnis auf unserer Website zu erm\u00f6glichen.<\/p>\n<p><a href=\"https:\/\/gng.dk\/cookies\/\">Hier<\/a> k\u00f6nnen Sie mehr dar\u00fcber lesen, welche Cookies wir auf der Website verwenden.[\/vc_column_text][\/vc_column][vc_column column_width_percent=&#8220;100&#8243; gutter_size=&#8220;3&#8243; overlay_alpha=&#8220;50&#8243; shift_x=&#8220;0&#8243; shift_y=&#8220;0&#8243; shift_y_down=&#8220;0&#8243; z_index=&#8220;0&#8243; medium_width=&#8220;0&#8243; mobile_width=&#8220;0&#8243; width=&#8220;1\/3&#8243; uncode_shortcode_id=&#8220;863407&#8243;][\/vc_column][\/vc_row][vc_row row_height_percent=&#8220;0&#8243; override_padding=&#8220;yes&#8220; h_padding=&#8220;2&#8243; top_padding=&#8220;2&#8243; bottom_padding=&#8220;4&#8243; overlay_alpha=&#8220;50&#8243; gutter_size=&#8220;3&#8243; column_width_percent=&#8220;100&#8243; shift_y=&#8220;0&#8243; z_index=&#8220;0&#8243; uncode_shortcode_id=&#8220;161736&#8243;][vc_column column_width_use_pixel=&#8220;yes&#8220; gutter_size=&#8220;3&#8243; overlay_alpha=&#8220;50&#8243; shift_x=&#8220;0&#8243; shift_y=&#8220;0&#8243; shift_y_down=&#8220;0&#8243; z_index=&#8220;0&#8243; medium_width=&#8220;0&#8243; mobile_width=&#8220;0&#8243; css_animation=&#8220;bottom-t-top&#8220; animation_delay=&#8220;100&#8243; width=&#8220;2\/3&#8243; uncode_shortcode_id=&#8220;120950&#8243; column_width_pixel=&#8220;900&#8243;][vc_custom_heading text_color=&#8220;color-205931&#8243; heading_semantic=&#8220;h6&#8243; text_font=&#8220;font-889235&#8243; text_size=&#8220;h6&#8243; text_transform=&#8220;uppercase&#8220; uncode_shortcode_id=&#8220;202990&#8243; text_color_type=&#8220;uncode-palette&#8220;]WER HAT ZUGANG ZU IHREN DATEN?[\/vc_custom_heading][vc_column_text text_lead=&#8220;yes&#8220; uncode_shortcode_id=&#8220;193504&#8243;]Unsere Daten sind anonymisiert und beinhalten nur eine einzige Session, was eine Identifizierung des einzelnen Nutzers nicht erm\u00f6glich. Wir geben daher niemals Daten an Dritte weiter.[\/vc_column_text][\/vc_column][vc_column column_width_percent=&#8220;100&#8243; gutter_size=&#8220;3&#8243; overlay_alpha=&#8220;50&#8243; shift_x=&#8220;0&#8243; shift_y=&#8220;0&#8243; shift_y_down=&#8220;0&#8243; z_index=&#8220;0&#8243; medium_width=&#8220;0&#8243; mobile_width=&#8220;0&#8243; width=&#8220;1\/3&#8243; uncode_shortcode_id=&#8220;863407&#8243;][\/vc_column][\/vc_row][vc_row row_height_percent=&#8220;0&#8243; override_padding=&#8220;yes&#8220; h_padding=&#8220;2&#8243; top_padding=&#8220;2&#8243; bottom_padding=&#8220;4&#8243; overlay_alpha=&#8220;50&#8243; gutter_size=&#8220;3&#8243; column_width_percent=&#8220;100&#8243; shift_y=&#8220;0&#8243; z_index=&#8220;0&#8243; uncode_shortcode_id=&#8220;161736&#8243;][vc_column column_width_use_pixel=&#8220;yes&#8220; gutter_size=&#8220;3&#8243; overlay_alpha=&#8220;50&#8243; shift_x=&#8220;0&#8243; shift_y=&#8220;0&#8243; shift_y_down=&#8220;0&#8243; z_index=&#8220;0&#8243; medium_width=&#8220;0&#8243; mobile_width=&#8220;0&#8243; css_animation=&#8220;bottom-t-top&#8220; animation_delay=&#8220;100&#8243; width=&#8220;2\/3&#8243; uncode_shortcode_id=&#8220;120950&#8243; column_width_pixel=&#8220;900&#8243;][vc_custom_heading text_color=&#8220;color-205931&#8243; heading_semantic=&#8220;h6&#8243; text_font=&#8220;font-889235&#8243; text_size=&#8220;h6&#8243; text_transform=&#8220;uppercase&#8220; uncode_shortcode_id=&#8220;165623&#8243; text_color_type=&#8220;uncode-palette&#8220;]IHRE RECHTE[\/vc_custom_heading][vc_column_text text_lead=&#8220;yes&#8220; uncode_shortcode_id=&#8220;132467&#8243;]Das Gesetz \u00fcber personenbezogene Daten gibt Ihnen viele Rechte:<\/p>\n<p>Sie haben jederzeit das Recht zu erfahren, welche Informationen wir \u00fcber Sie erhoben haben sowie eine Kopie dieser Daten zu erhalten. Sie haben ebenfalls das Recht zu verlangen, dass personenbezogene Daten aus unseren Systemen gel\u00f6scht werden, es sei denn, Ihre Daten werden ben\u00f6tigt, damit wir unseren gesetzlichen Verpflichtungen nachkommen k\u00f6nnen.<\/p>\n<p>Haben wir falsche Informationen \u00fcber Sie registriert, haben Sie das Recht, diese korrigieren zu lassen. In bestimmten F\u00e4llen haben Sie das Recht, die Verarbeitung Ihrer Daten auf die Speicherung beschr\u00e4nken zu lassen. In bestimmten F\u00e4llen haben Sie das Recht, personenbezogene Daten in einem maschinenlesbaren Format zu erhalten, damit Sie diese Daten an einen anderen Datenverantwortlichen \u00fcbertragen k\u00f6nnen. Bitte kontaktieren Sie uns in jedem Fall schriftlich \u00fcber die oben genannten Kontaktdaten.<\/p>\n<p>Wenn Sie sich \u00fcber unsere Verarbeitung Ihrer personenbezogenen Daten beschweren m\u00f6chten, wenden Sie sich bitte an die d\u00e4nische Datenschutzbeh\u00f6rde, Carl Jacobsens Vej 35, 2500 Valby, e-mail dt@datatilsynet.dk, telefon <a href=\"callto:+4533193200\">+45 3319 3200<\/a>.[\/vc_column_text][\/vc_column][vc_column column_width_percent=&#8220;100&#8243; gutter_size=&#8220;3&#8243; overlay_alpha=&#8220;50&#8243; shift_x=&#8220;0&#8243; shift_y=&#8220;0&#8243; shift_y_down=&#8220;0&#8243; z_index=&#8220;0&#8243; medium_width=&#8220;0&#8243; mobile_width=&#8220;0&#8243; width=&#8220;1\/3&#8243; uncode_shortcode_id=&#8220;863407&#8243;][\/vc_column][\/vc_row]<\/p>\n<\/div>","protected":false},"excerpt":{"rendered":"<p>[vc_row row_height_percent=&#8220;0&#8243; override_padding=&#8220;yes&#8220; h_padding=&#8220;2&#8243; top_padding=&#8220;2&#8243; bottom_padding=&#8220;4&#8243; overlay_alpha=&#8220;50&#8243; gutter_size=&#8220;3&#8243; column_width_percent=&#8220;100&#8243; shift_y=&#8220;0&#8243; z_index=&#8220;0&#8243; uncode_shortcode_id=&#8220;161736&#8243;][vc_column column_width_use_pixel=&#8220;yes&#8220; gutter_size=&#8220;3&#8243; overlay_alpha=&#8220;50&#8243; shift_x=&#8220;0&#8243; shift_y=&#8220;0&#8243; shift_y_down=&#8220;0&#8243; z_index=&#8220;0&#8243; medium_width=&#8220;0&#8243; [&hellip;]<\/p>\n","protected":false},"author":6,"featured_media":0,"parent":0,"menu_order":0,"comment_status":"closed","ping_status":"closed","template":"","meta":{"_acf_changed":false,"footnotes":""},"class_list":["post-4532","page","type-page","status-publish","hentry"],"acf":[],"yoast_head":"<!-- This site is optimized with the Yoast SEO plugin v26.7 - https:\/\/yoast.com\/wordpress\/plugins\/seo\/ -->\n<title>Datenschutzrichtlinie - Gasa Nord Gr\u00f8nt<\/title>\n<meta name=\"robots\" content=\"index, follow, max-snippet:-1, max-image-preview:large, max-video-preview:-1\" \/>\n<link rel=\"canonical\" href=\"https:\/\/gng.dk\/de\/datenschutzrichtlinie\/\" \/>\n<meta property=\"og:locale\" content=\"de_DE\" \/>\n<meta property=\"og:type\" content=\"article\" \/>\n<meta property=\"og:title\" content=\"Datenschutzrichtlinie - Gasa Nord Gr\u00f8nt\" \/>\n<meta property=\"og:description\" content=\"[vc_row row_height_percent=&#8220;0&#8243; override_padding=&#8220;yes&#8220; h_padding=&#8220;2&#8243; top_padding=&#8220;2&#8243; bottom_padding=&#8220;4&#8243; overlay_alpha=&#8220;50&#8243; gutter_size=&#8220;3&#8243; column_width_percent=&#8220;100&#8243; shift_y=&#8220;0&#8243; z_index=&#8220;0&#8243; uncode_shortcode_id=&#8220;161736&#8243;][vc_column column_width_use_pixel=&#8220;yes&#8220; gutter_size=&#8220;3&#8243; overlay_alpha=&#8220;50&#8243; shift_x=&#8220;0&#8243; shift_y=&#8220;0&#8243; shift_y_down=&#8220;0&#8243; z_index=&#8220;0&#8243; medium_width=&#8220;0&#8243; [&hellip;]\" \/>\n<meta property=\"og:url\" content=\"https:\/\/gng.dk\/de\/datenschutzrichtlinie\/\" \/>\n<meta property=\"og:site_name\" content=\"Gasa Nord Gr\u00f8nt\" \/>\n<meta property=\"article:modified_time\" content=\"2023-04-13T06:47:55+00:00\" \/>\n<meta name=\"twitter:card\" content=\"summary_large_image\" \/>\n<meta name=\"twitter:label1\" content=\"Gesch\u00e4tzte Lesezeit\" \/>\n\t<meta name=\"twitter:data1\" content=\"4\u00a0Minuten\" \/>\n<script type=\"application\/ld+json\" class=\"yoast-schema-graph\">{\"@context\":\"https:\/\/schema.org\",\"@graph\":[{\"@type\":\"WebPage\",\"@id\":\"https:\/\/gng.dk\/de\/datenschutzrichtlinie\/\",\"url\":\"https:\/\/gng.dk\/de\/datenschutzrichtlinie\/\",\"name\":\"Datenschutzrichtlinie - Gasa Nord Gr\u00f8nt\",\"isPartOf\":{\"@id\":\"https:\/\/gng.dk\/de\/#website\"},\"datePublished\":\"2022-06-28T07:24:55+00:00\",\"dateModified\":\"2023-04-13T06:47:55+00:00\",\"breadcrumb\":{\"@id\":\"https:\/\/gng.dk\/de\/datenschutzrichtlinie\/#breadcrumb\"},\"inLanguage\":\"de\",\"potentialAction\":[{\"@type\":\"ReadAction\",\"target\":[\"https:\/\/gng.dk\/de\/datenschutzrichtlinie\/\"]}]},{\"@type\":\"BreadcrumbList\",\"@id\":\"https:\/\/gng.dk\/de\/datenschutzrichtlinie\/#breadcrumb\",\"itemListElement\":[{\"@type\":\"ListItem\",\"position\":1,\"name\":\"Hjem\",\"item\":\"https:\/\/gng.dk\/de\/\"},{\"@type\":\"ListItem\",\"position\":2,\"name\":\"Datenschutzrichtlinie\"}]},{\"@type\":\"WebSite\",\"@id\":\"https:\/\/gng.dk\/de\/#website\",\"url\":\"https:\/\/gng.dk\/de\/\",\"name\":\"Gasa Nord Gr\u00f8nt\",\"description\":\"Produktion med respekt for naturen\",\"publisher\":{\"@id\":\"https:\/\/gng.dk\/de\/#organization\"},\"potentialAction\":[{\"@type\":\"SearchAction\",\"target\":{\"@type\":\"EntryPoint\",\"urlTemplate\":\"https:\/\/gng.dk\/de\/?s={search_term_string}\"},\"query-input\":{\"@type\":\"PropertyValueSpecification\",\"valueRequired\":true,\"valueName\":\"search_term_string\"}}],\"inLanguage\":\"de\"},{\"@type\":\"Organization\",\"@id\":\"https:\/\/gng.dk\/de\/#organization\",\"name\":\"Gasa Nord Gr\u00f8nt\",\"url\":\"https:\/\/gng.dk\/de\/\",\"logo\":{\"@type\":\"ImageObject\",\"inLanguage\":\"de\",\"@id\":\"https:\/\/gng.dk\/de\/#\/schema\/logo\/image\/\",\"url\":\"https:\/\/gng.klean.it\/wp-content\/uploads\/2022\/01\/gng_logo.svg\",\"contentUrl\":\"https:\/\/gng.klean.it\/wp-content\/uploads\/2022\/01\/gng_logo.svg\",\"width\":\"1\",\"height\":\"1\",\"caption\":\"Gasa Nord Gr\u00f8nt\"},\"image\":{\"@id\":\"https:\/\/gng.dk\/de\/#\/schema\/logo\/image\/\"}}]}<\/script>\n<!-- \/ Yoast SEO plugin. -->","yoast_head_json":{"title":"Datenschutzrichtlinie - Gasa Nord Gr\u00f8nt","robots":{"index":"index","follow":"follow","max-snippet":"max-snippet:-1","max-image-preview":"max-image-preview:large","max-video-preview":"max-video-preview:-1"},"canonical":"https:\/\/gng.dk\/de\/datenschutzrichtlinie\/","og_locale":"de_DE","og_type":"article","og_title":"Datenschutzrichtlinie - Gasa Nord Gr\u00f8nt","og_description":"[vc_row row_height_percent=&#8220;0&#8243; override_padding=&#8220;yes&#8220; h_padding=&#8220;2&#8243; top_padding=&#8220;2&#8243; bottom_padding=&#8220;4&#8243; overlay_alpha=&#8220;50&#8243; gutter_size=&#8220;3&#8243; column_width_percent=&#8220;100&#8243; shift_y=&#8220;0&#8243; z_index=&#8220;0&#8243; uncode_shortcode_id=&#8220;161736&#8243;][vc_column column_width_use_pixel=&#8220;yes&#8220; gutter_size=&#8220;3&#8243; overlay_alpha=&#8220;50&#8243; shift_x=&#8220;0&#8243; shift_y=&#8220;0&#8243; shift_y_down=&#8220;0&#8243; z_index=&#8220;0&#8243; medium_width=&#8220;0&#8243; [&hellip;]","og_url":"https:\/\/gng.dk\/de\/datenschutzrichtlinie\/","og_site_name":"Gasa Nord Gr\u00f8nt","article_modified_time":"2023-04-13T06:47:55+00:00","twitter_card":"summary_large_image","twitter_misc":{"Gesch\u00e4tzte Lesezeit":"4\u00a0Minuten"},"schema":{"@context":"https:\/\/schema.org","@graph":[{"@type":"WebPage","@id":"https:\/\/gng.dk\/de\/datenschutzrichtlinie\/","url":"https:\/\/gng.dk\/de\/datenschutzrichtlinie\/","name":"Datenschutzrichtlinie - Gasa Nord Gr\u00f8nt","isPartOf":{"@id":"https:\/\/gng.dk\/de\/#website"},"datePublished":"2022-06-28T07:24:55+00:00","dateModified":"2023-04-13T06:47:55+00:00","breadcrumb":{"@id":"https:\/\/gng.dk\/de\/datenschutzrichtlinie\/#breadcrumb"},"inLanguage":"de","potentialAction":[{"@type":"ReadAction","target":["https:\/\/gng.dk\/de\/datenschutzrichtlinie\/"]}]},{"@type":"BreadcrumbList","@id":"https:\/\/gng.dk\/de\/datenschutzrichtlinie\/#breadcrumb","itemListElement":[{"@type":"ListItem","position":1,"name":"Hjem","item":"https:\/\/gng.dk\/de\/"},{"@type":"ListItem","position":2,"name":"Datenschutzrichtlinie"}]},{"@type":"WebSite","@id":"https:\/\/gng.dk\/de\/#website","url":"https:\/\/gng.dk\/de\/","name":"Gasa Nord Gr\u00f8nt","description":"Produktion med respekt for naturen","publisher":{"@id":"https:\/\/gng.dk\/de\/#organization"},"potentialAction":[{"@type":"SearchAction","target":{"@type":"EntryPoint","urlTemplate":"https:\/\/gng.dk\/de\/?s={search_term_string}"},"query-input":{"@type":"PropertyValueSpecification","valueRequired":true,"valueName":"search_term_string"}}],"inLanguage":"de"},{"@type":"Organization","@id":"https:\/\/gng.dk\/de\/#organization","name":"Gasa Nord Gr\u00f8nt","url":"https:\/\/gng.dk\/de\/","logo":{"@type":"ImageObject","inLanguage":"de","@id":"https:\/\/gng.dk\/de\/#\/schema\/logo\/image\/","url":"https:\/\/gng.klean.it\/wp-content\/uploads\/2022\/01\/gng_logo.svg","contentUrl":"https:\/\/gng.klean.it\/wp-content\/uploads\/2022\/01\/gng_logo.svg","width":"1","height":"1","caption":"Gasa Nord Gr\u00f8nt"},"image":{"@id":"https:\/\/gng.dk\/de\/#\/schema\/logo\/image\/"}}]}},"_links":{"self":[{"href":"https:\/\/gng.dk\/de\/wp-json\/wp\/v2\/pages\/4532","targetHints":{"allow":["GET"]}}],"collection":[{"href":"https:\/\/gng.dk\/de\/wp-json\/wp\/v2\/pages"}],"about":[{"href":"https:\/\/gng.dk\/de\/wp-json\/wp\/v2\/types\/page"}],"author":[{"embeddable":true,"href":"https:\/\/gng.dk\/de\/wp-json\/wp\/v2\/users\/6"}],"replies":[{"embeddable":true,"href":"https:\/\/gng.dk\/de\/wp-json\/wp\/v2\/comments?post=4532"}],"version-history":[{"count":4,"href":"https:\/\/gng.dk\/de\/wp-json\/wp\/v2\/pages\/4532\/revisions"}],"predecessor-version":[{"id":4537,"href":"https:\/\/gng.dk\/de\/wp-json\/wp\/v2\/pages\/4532\/revisions\/4537"}],"wp:attachment":[{"href":"https:\/\/gng.dk\/de\/wp-json\/wp\/v2\/media?parent=4532"}],"curies":[{"name":"wp","href":"https:\/\/api.w.org\/{rel}","templated":true}]}}